{"id":10,"date":"2024-09-10T04:22:32","date_gmt":"2024-09-10T04:22:32","guid":{"rendered":"https:\/\/parabrisasvn.com\/neumaticos\/?page_id=10"},"modified":"2024-09-10T04:23:13","modified_gmt":"2024-09-10T04:23:13","slug":"refund_returns","status":"publish","type":"page","link":"https:\/\/parabrisasvn.com\/neumaticos\/refund_returns\/","title":{"rendered":"Pol\u00edtica de Reembolsos y Devoluciones"},"content":{"rendered":"\t\t<div data-elementor-type=\"wp-page\" data-elementor-id=\"10\" class=\"elementor elementor-10\" data-elementor-post-type=\"page\">\n\t\t\t\t<div class=\"elementor-element elementor-element-462bbf6a e-flex e-con-boxed e-con e-parent\" data-id=\"462bbf6a\" data-element_type=\"container\">\n\t\t\t\t\t<div class=\"e-con-inner\">\n\t\t\t\t<div class=\"elementor-element elementor-element-e26dcd3 elementor-widget elementor-widget-text-editor\" data-id=\"e26dcd3\" data-element_type=\"widget\" data-widget_type=\"text-editor.default\">\n\t\t\t\t<div class=\"elementor-widget-container\">\n\t\t\t<style>\/*! elementor - v3.23.0 - 05-08-2024 *\/\n.elementor-widget-text-editor.elementor-drop-cap-view-stacked .elementor-drop-cap{background-color:#69727d;color:#fff}.elementor-widget-text-editor.elementor-drop-cap-view-framed .elementor-drop-cap{color:#69727d;border:3px solid;background-color:transparent}.elementor-widget-text-editor:not(.elementor-drop-cap-view-default) .elementor-drop-cap{margin-top:8px}.elementor-widget-text-editor:not(.elementor-drop-cap-view-default) .elementor-drop-cap-letter{width:1em;height:1em}.elementor-widget-text-editor .elementor-drop-cap{float:left;text-align:center;line-height:1;font-size:50px}.elementor-widget-text-editor .elementor-drop-cap-letter{display:inline-block}<\/style>\t\t\t\t<!-- wp:paragraph -->\n<h3>Resumen<\/h3>\n<p>Nuestra pol\u00edtica de reembolsos y devoluciones tiene una duraci\u00f3n de 30 d\u00edas. Si han pasado m\u00e1s de 30 d\u00edas desde tu compra, no podemos ofrecerte un reembolso completo ni un cambio.<\/p>\n<p>Para ser elegible para una devoluci\u00f3n, el art\u00edculo debe estar sin usar y en las mismas condiciones en que lo recibiste. Adem\u00e1s, debe estar en su empaque original.<\/p>\n<p>Algunos tipos de productos est\u00e1n exentos de ser devueltos. No aceptamos devoluciones de productos perecederos, bienes \u00edntimos o sanitarios, materiales peligrosos, l\u00edquidos o gases inflamables.<\/p>\n<h3>Art\u00edculos adicionales no retornables:<\/h3>\n<ul>\n<li>Tarjetas de regalo<\/li>\n<li>Productos de software descargables<\/li>\n<li>Algunos productos de salud y cuidado personal<\/li>\n<\/ul>\n<p>Para completar tu devoluci\u00f3n, requerimos un recibo o comprobante de compra.<\/p>\n<p>Por favor, no env\u00edes tu compra de vuelta al fabricante.<\/p>\n<h3>Casos en los que se otorgan reembolsos parciales:<\/h3>\n<ul>\n<li>Productos con se\u00f1ales evidentes de uso<\/li>\n<li>Cualquier art\u00edculo que no est\u00e9 en su estado original, est\u00e9 da\u00f1ado o le falten piezas por razones ajenas a nuestro control<\/li>\n<li>Cualquier art\u00edculo devuelto m\u00e1s de 30 d\u00edas despu\u00e9s de la entrega<\/li>\n<\/ul>\n<h3>Reembolsos<\/h3>\n<p>Una vez recibida e inspeccionada tu devoluci\u00f3n, te enviaremos un correo electr\u00f3nico para notificarte la recepci\u00f3n del art\u00edculo devuelto y la aprobaci\u00f3n o rechazo de tu reembolso.<\/p>\n<p>Si es aprobado, procesaremos el reembolso y el cr\u00e9dito se aplicar\u00e1 autom\u00e1ticamente a tu tarjeta de cr\u00e9dito o m\u00e9todo original de pago dentro de un plazo determinado.<\/p>\n<h3>Reembolsos tard\u00edos o no recibidos<\/h3>\n<p>Si a\u00fan no has recibido el reembolso, verifica nuevamente tu cuenta bancaria.<\/p>\n<p>Luego contacta a la compa\u00f1\u00eda de tu tarjeta de cr\u00e9dito, ya que puede tomar algo de tiempo antes de que el reembolso se refleje oficialmente.<\/p>\n<p>Despu\u00e9s, contacta a tu banco. A menudo hay un tiempo de procesamiento antes de que se registre el reembolso.<\/p>\n<p>Si has hecho todo esto y a\u00fan no has recibido el reembolso, por favor cont\u00e1ctanos a {correo electr\u00f3nico}.<\/p>\n<h3>Art\u00edculos en oferta<\/h3>\n<p>Solo se pueden reembolsar los art\u00edculos de precio regular. Los art\u00edculos en oferta no son reembolsables.<\/p>\n<h3>Cambios<\/h3>\n<p>Solo reemplazamos art\u00edculos si est\u00e1n defectuosos o da\u00f1ados. Si necesitas cambiarlo por el mismo art\u00edculo, env\u00edanos un correo a {correo electr\u00f3nico} y env\u00eda tu art\u00edculo a: {direcci\u00f3n f\u00edsica}.<\/p>\n<h3>Regalos<\/h3>\n<p>Si el art\u00edculo fue marcado como regalo al ser comprado y te fue enviado directamente, recibir\u00e1s un cr\u00e9dito por el valor del art\u00edculo devuelto. Una vez recibido, se te enviar\u00e1 un certificado de regalo.<\/p>\n<p>Si el art\u00edculo no fue marcado como regalo en el momento de la compra, o si el comprador del regalo se lo envi\u00f3 primero a s\u00ed mismo para entreg\u00e1rtelo luego, emitiremos un reembolso al comprador original del regalo.<\/p>\n<h3>Env\u00edos para devoluciones<\/h3>\n<p>Para devolver tu producto, debes enviarlo a: {direcci\u00f3n f\u00edsica}.<\/p>\n<p>Ser\u00e1s responsable de pagar tus propios costos de env\u00edo para la devoluci\u00f3n. Los costos de env\u00edo no son reembolsables. Si recibes un reembolso, el costo del env\u00edo de devoluci\u00f3n ser\u00e1 deducido de tu reembolso.<\/p>\n<p>El tiempo que tome para que el producto cambiado te llegue puede variar dependiendo de tu ubicaci\u00f3n.<\/p>\n<p>Si devuelves art\u00edculos m\u00e1s costosos, considera usar un servicio de env\u00edo rastreable o comprar un seguro de env\u00edo. No garantizamos la recepci\u00f3n de tu art\u00edculo devuelto.<\/p>\n<h3>\u00bfNecesitas ayuda?<\/h3>\n<p>Cont\u00e1ctanos en {correo electr\u00f3nico} para preguntas relacionadas con reembolsos y devoluciones.<\/p>\n<!-- \/wp:paragraph -->\t\t\t\t\t\t<\/div>\n\t\t\t\t<\/div>\n\t\t\t\t\t<\/div>\n\t\t\t\t<\/div>\n\t\t\t\t<\/div>\n\t\t","protected":false},"excerpt":{"rendered":"<p>Resumen Nuestra pol\u00edtica de reembolsos y devoluciones tiene una duraci\u00f3n de 30 d\u00edas. Si han pasado m\u00e1s de 30 d\u00edas desde tu compra, no podemos ofrecerte un reembolso completo ni un cambio. Para ser elegible para una devoluci\u00f3n, el art\u00edculo debe estar sin usar y en las mismas condiciones en que lo recibiste. Adem\u00e1s, debe [&hellip;]<\/p>\n","protected":false},"author":1,"featured_media":0,"parent":0,"menu_order":0,"comment_status":"closed","ping_status":"closed","template":"","meta":{"_uag_custom_page_level_css":"","site-sidebar-layout":"default","site-content-layout":"","ast-site-content-layout":"default","site-content-style":"default","site-sidebar-style":"default","ast-global-header-display":"","ast-banner-title-visibility":"","ast-main-header-display":"","ast-hfb-above-header-display":"","ast-hfb-below-header-display":"","ast-hfb-mobile-header-display":"","site-post-title":"","ast-breadcrumbs-content":"","ast-featured-img":"","footer-sml-layout":"","theme-transparent-header-meta":"","adv-header-id-meta":"","stick-header-meta":"","header-above-stick-meta":"","header-main-stick-meta":"","header-below-stick-meta":"","astra-migrate-meta-layouts":"set","ast-page-background-enabled":"default","ast-page-background-meta":{"desktop":{"background-color":"","background-image":"","background-repeat":"repeat","background-position":"center center","background-size":"auto","background-attachment":"scroll","background-type":"","background-media":"","overlay-type":"","overlay-color":"","overlay-opacity":"","overlay-gradient":""},"tablet":{"background-color":"","background-image":"","background-repeat":"repeat","background-position":"center center","background-size":"auto","background-attachment":"scroll","background-type":"","background-media":"","overlay-type":"","overlay-color":"","overlay-opacity":"","overlay-gradient":""},"mobile":{"background-color":"","background-image":"","background-repeat":"repeat","background-position":"center center","background-size":"auto","background-attachment":"scroll","background-type":"","background-media":"","overlay-type":"","overlay-color":"","overlay-opacity":"","overlay-gradient":""}},"ast-content-background-meta":{"desktop":{"background-color":"var(--ast-global-color-5)","background-image":"","background-repeat":"repeat","background-position":"center center","background-size":"auto","background-attachment":"scroll","background-type":"","background-media":"","overlay-type":"","overlay-color":"","overlay-opacity":"","overlay-gradient":""},"tablet":{"background-color":"var(--ast-global-color-5)","background-image":"","background-repeat":"repeat","background-position":"center center","background-size":"auto","background-attachment":"scroll","background-type":"","background-media":"","overlay-type":"","overlay-color":"","overlay-opacity":"","overlay-gradient":""},"mobile":{"background-color":"var(--ast-global-color-5)","background-image":"","background-repeat":"repeat","background-position":"center center","background-size":"auto","background-attachment":"scroll","background-type":"","background-media":"","overlay-type":"","overlay-color":"","overlay-opacity":"","overlay-gradient":""}},"_joinchat":[],"footnotes":""},"class_list":["post-10","page","type-page","status-publish","hentry"],"yoast_head":"<!-- This site is optimized with the Yoast SEO plugin v25.2 - https:\/\/yoast.com\/wordpress\/plugins\/seo\/ -->\n<title>Pol\u00edtica de Reembolsos y Devoluciones - Neumaticos VN<\/title>\n<meta name=\"robots\" content=\"index, follow, max-snippet:-1, max-image-preview:large, max-video-preview:-1\" \/>\n<link rel=\"canonical\" href=\"https:\/\/parabrisasvn.com\/neumaticos\/refund_returns\/\" \/>\n<meta property=\"og:locale\" content=\"es_ES\" \/>\n<meta property=\"og:type\" content=\"article\" \/>\n<meta property=\"og:title\" content=\"Pol\u00edtica de Reembolsos y Devoluciones - Neumaticos VN\" \/>\n<meta property=\"og:description\" content=\"Resumen Nuestra pol\u00edtica de reembolsos y devoluciones tiene una duraci\u00f3n de 30 d\u00edas. Si han pasado m\u00e1s de 30 d\u00edas desde tu compra, no podemos ofrecerte un reembolso completo ni un cambio. Para ser elegible para una devoluci\u00f3n, el art\u00edculo debe estar sin usar y en las mismas condiciones en que lo recibiste. Adem\u00e1s, debe [&hellip;]\" \/>\n<meta property=\"og:url\" content=\"https:\/\/parabrisasvn.com\/neumaticos\/refund_returns\/\" \/>\n<meta property=\"og:site_name\" content=\"Neumaticos VN\" \/>\n<meta property=\"article:modified_time\" content=\"2024-09-10T04:23:13+00:00\" \/>\n<meta property=\"og:image\" content=\"https:\/\/parabrisasvn.com\/neumaticos\/wp-content\/uploads\/vn-frente-scaled.jpg\" \/>\n\t<meta property=\"og:image:width\" content=\"2560\" \/>\n\t<meta property=\"og:image:height\" content=\"1920\" \/>\n\t<meta property=\"og:image:type\" content=\"image\/jpeg\" \/>\n<meta name=\"twitter:card\" content=\"summary_large_image\" \/>\n<meta name=\"twitter:label1\" content=\"Tiempo de lectura\" \/>\n\t<meta name=\"twitter:data1\" content=\"3 minutos\" \/>\n<script type=\"application\/ld+json\" class=\"yoast-schema-graph\">{\"@context\":\"https:\/\/schema.org\",\"@graph\":[{\"@type\":\"WebPage\",\"@id\":\"https:\/\/parabrisasvn.com\/neumaticos\/refund_returns\/\",\"url\":\"https:\/\/parabrisasvn.com\/neumaticos\/refund_returns\/\",\"name\":\"Pol\u00edtica de Reembolsos y Devoluciones - Neumaticos VN\",\"isPartOf\":{\"@id\":\"https:\/\/parabrisasvn.com\/neumaticos\/#website\"},\"datePublished\":\"2024-09-10T04:22:32+00:00\",\"dateModified\":\"2024-09-10T04:23:13+00:00\",\"breadcrumb\":{\"@id\":\"https:\/\/parabrisasvn.com\/neumaticos\/refund_returns\/#breadcrumb\"},\"inLanguage\":\"es\",\"potentialAction\":[{\"@type\":\"ReadAction\",\"target\":[\"https:\/\/parabrisasvn.com\/neumaticos\/refund_returns\/\"]}]},{\"@type\":\"BreadcrumbList\",\"@id\":\"https:\/\/parabrisasvn.com\/neumaticos\/refund_returns\/#breadcrumb\",\"itemListElement\":[{\"@type\":\"ListItem\",\"position\":1,\"name\":\"Portada\",\"item\":\"https:\/\/parabrisasvn.com\/neumaticos\/\"},{\"@type\":\"ListItem\",\"position\":2,\"name\":\"Pol\u00edtica de Reembolsos y Devoluciones\"}]},{\"@type\":\"WebSite\",\"@id\":\"https:\/\/parabrisasvn.com\/neumaticos\/#website\",\"url\":\"https:\/\/parabrisasvn.com\/neumaticos\/\",\"name\":\"Neumaticos VN\",\"description\":\"Neum\u00e1ticos Multimarca al mejor precio\",\"publisher\":{\"@id\":\"https:\/\/parabrisasvn.com\/neumaticos\/#organization\"},\"potentialAction\":[{\"@type\":\"SearchAction\",\"target\":{\"@type\":\"EntryPoint\",\"urlTemplate\":\"https:\/\/parabrisasvn.com\/neumaticos\/?s={search_term_string}\"},\"query-input\":{\"@type\":\"PropertyValueSpecification\",\"valueRequired\":true,\"valueName\":\"search_term_string\"}}],\"inLanguage\":\"es\"},{\"@type\":\"Organization\",\"@id\":\"https:\/\/parabrisasvn.com\/neumaticos\/#organization\",\"name\":\"Neumaticos VN\",\"url\":\"https:\/\/parabrisasvn.com\/neumaticos\/\",\"logo\":{\"@type\":\"ImageObject\",\"inLanguage\":\"es\",\"@id\":\"https:\/\/parabrisasvn.com\/neumaticos\/#\/schema\/logo\/image\/\",\"url\":\"https:\/\/parabrisasvn.com\/neumaticos\/wp-content\/uploads\/2024\/09\/vn-neumaticos.jpg\",\"contentUrl\":\"https:\/\/parabrisasvn.com\/neumaticos\/wp-content\/uploads\/2024\/09\/vn-neumaticos.jpg\",\"width\":1000,\"height\":1000,\"caption\":\"Neumaticos VN\"},\"image\":{\"@id\":\"https:\/\/parabrisasvn.com\/neumaticos\/#\/schema\/logo\/image\/\"}}]}<\/script>\n<!-- \/ Yoast SEO plugin. -->","yoast_head_json":{"title":"Pol\u00edtica de Reembolsos y Devoluciones - Neumaticos VN","robots":{"index":"index","follow":"follow","max-snippet":"max-snippet:-1","max-image-preview":"max-image-preview:large","max-video-preview":"max-video-preview:-1"},"canonical":"https:\/\/parabrisasvn.com\/neumaticos\/refund_returns\/","og_locale":"es_ES","og_type":"article","og_title":"Pol\u00edtica de Reembolsos y Devoluciones - Neumaticos VN","og_description":"Resumen Nuestra pol\u00edtica de reembolsos y devoluciones tiene una duraci\u00f3n de 30 d\u00edas. Si han pasado m\u00e1s de 30 d\u00edas desde tu compra, no podemos ofrecerte un reembolso completo ni un cambio. Para ser elegible para una devoluci\u00f3n, el art\u00edculo debe estar sin usar y en las mismas condiciones en que lo recibiste. Adem\u00e1s, debe [&hellip;]","og_url":"https:\/\/parabrisasvn.com\/neumaticos\/refund_returns\/","og_site_name":"Neumaticos VN","article_modified_time":"2024-09-10T04:23:13+00:00","og_image":[{"width":2560,"height":1920,"url":"https:\/\/parabrisasvn.com\/neumaticos\/wp-content\/uploads\/vn-frente-scaled.jpg","type":"image\/jpeg"}],"twitter_card":"summary_large_image","twitter_misc":{"Tiempo de lectura":"3 minutos"},"schema":{"@context":"https:\/\/schema.org","@graph":[{"@type":"WebPage","@id":"https:\/\/parabrisasvn.com\/neumaticos\/refund_returns\/","url":"https:\/\/parabrisasvn.com\/neumaticos\/refund_returns\/","name":"Pol\u00edtica de Reembolsos y Devoluciones - Neumaticos VN","isPartOf":{"@id":"https:\/\/parabrisasvn.com\/neumaticos\/#website"},"datePublished":"2024-09-10T04:22:32+00:00","dateModified":"2024-09-10T04:23:13+00:00","breadcrumb":{"@id":"https:\/\/parabrisasvn.com\/neumaticos\/refund_returns\/#breadcrumb"},"inLanguage":"es","potentialAction":[{"@type":"ReadAction","target":["https:\/\/parabrisasvn.com\/neumaticos\/refund_returns\/"]}]},{"@type":"BreadcrumbList","@id":"https:\/\/parabrisasvn.com\/neumaticos\/refund_returns\/#breadcrumb","itemListElement":[{"@type":"ListItem","position":1,"name":"Portada","item":"https:\/\/parabrisasvn.com\/neumaticos\/"},{"@type":"ListItem","position":2,"name":"Pol\u00edtica de Reembolsos y Devoluciones"}]},{"@type":"WebSite","@id":"https:\/\/parabrisasvn.com\/neumaticos\/#website","url":"https:\/\/parabrisasvn.com\/neumaticos\/","name":"Neumaticos VN","description":"Neum\u00e1ticos Multimarca al mejor precio","publisher":{"@id":"https:\/\/parabrisasvn.com\/neumaticos\/#organization"},"potentialAction":[{"@type":"SearchAction","target":{"@type":"EntryPoint","urlTemplate":"https:\/\/parabrisasvn.com\/neumaticos\/?s={search_term_string}"},"query-input":{"@type":"PropertyValueSpecification","valueRequired":true,"valueName":"search_term_string"}}],"inLanguage":"es"},{"@type":"Organization","@id":"https:\/\/parabrisasvn.com\/neumaticos\/#organization","name":"Neumaticos VN","url":"https:\/\/parabrisasvn.com\/neumaticos\/","logo":{"@type":"ImageObject","inLanguage":"es","@id":"https:\/\/parabrisasvn.com\/neumaticos\/#\/schema\/logo\/image\/","url":"https:\/\/parabrisasvn.com\/neumaticos\/wp-content\/uploads\/2024\/09\/vn-neumaticos.jpg","contentUrl":"https:\/\/parabrisasvn.com\/neumaticos\/wp-content\/uploads\/2024\/09\/vn-neumaticos.jpg","width":1000,"height":1000,"caption":"Neumaticos VN"},"image":{"@id":"https:\/\/parabrisasvn.com\/neumaticos\/#\/schema\/logo\/image\/"}}]}},"uagb_featured_image_src":{"full":false,"thumbnail":false,"medium":false,"medium_large":false,"large":false,"1536x1536":false,"2048x2048":false,"woocommerce_thumbnail":false,"woocommerce_single":false,"woocommerce_gallery_thumbnail":false},"uagb_author_info":{"display_name":"santiago","author_link":"https:\/\/parabrisasvn.com\/neumaticos\/author\/santiago\/"},"uagb_comment_info":0,"uagb_excerpt":"Resumen Nuestra pol\u00edtica de reembolsos y devoluciones tiene una duraci\u00f3n de 30 d\u00edas. Si han pasado m\u00e1s de 30 d\u00edas desde tu compra, no podemos ofrecerte un reembolso completo ni un cambio. Para ser elegible para una devoluci\u00f3n, el art\u00edculo debe estar sin usar y en las mismas condiciones en que lo recibiste. Adem\u00e1s, debe&hellip;","_links":{"self":[{"href":"https:\/\/parabrisasvn.com\/neumaticos\/wp-json\/wp\/v2\/pages\/10","targetHints":{"allow":["GET"]}}],"collection":[{"href":"https:\/\/parabrisasvn.com\/neumaticos\/wp-json\/wp\/v2\/pages"}],"about":[{"href":"https:\/\/parabrisasvn.com\/neumaticos\/wp-json\/wp\/v2\/types\/page"}],"author":[{"embeddable":true,"href":"https:\/\/parabrisasvn.com\/neumaticos\/wp-json\/wp\/v2\/users\/1"}],"replies":[{"embeddable":true,"href":"https:\/\/parabrisasvn.com\/neumaticos\/wp-json\/wp\/v2\/comments?post=10"}],"version-history":[{"count":4,"href":"https:\/\/parabrisasvn.com\/neumaticos\/wp-json\/wp\/v2\/pages\/10\/revisions"}],"predecessor-version":[{"id":2401,"href":"https:\/\/parabrisasvn.com\/neumaticos\/wp-json\/wp\/v2\/pages\/10\/revisions\/2401"}],"wp:attachment":[{"href":"https:\/\/parabrisasvn.com\/neumaticos\/wp-json\/wp\/v2\/media?parent=10"}],"curies":[{"name":"wp","href":"https:\/\/api.w.org\/{rel}","templated":true}]}}