{"id":2568,"date":"2025-05-12T06:51:16","date_gmt":"2025-05-12T06:51:16","guid":{"rendered":"https:\/\/parabrisasvn.com\/neumaticos\/?post_type=product&#038;p=2568"},"modified":"2025-06-06T07:10:04","modified_gmt":"2025-06-06T07:10:04","slug":"205-65r15-94h-vi-786-ovation","status":"publish","type":"product","link":"https:\/\/parabrisasvn.com\/neumaticos\/producto\/ovation\/205-65r15-94h-vi-786-ovation\/","title":{"rendered":"205\/65R15 94H VI-786 OVATION"},"content":{"rendered":"<p>Los neum\u00e1ticos Ovation combinan tecnolog\u00eda moderna y precio accesible ideales para quienes buscan seguridad confort y durabilidad sin gastar de m\u00e1s. Disponibles en m\u00faltiples medidas para auto y SUV con excelente desempe\u00f1o tanto en ciudad como en ruta.<\/p>\n","protected":false},"excerpt":{"rendered":"<p>Rendimiento confiable al mejor precio. Neum\u00e1ticos Ovation para autos y camionetas.<\/p>\n","protected":false},"featured_media":2537,"comment_status":"open","ping_status":"closed","template":"","meta":{"_uag_custom_page_level_css":"","site-sidebar-layout":"default","site-content-layout":"","ast-site-content-layout":"default","site-content-style":"default","site-sidebar-style":"default","ast-global-header-display":"","ast-banner-title-visibility":"","ast-main-header-display":"","ast-hfb-above-header-display":"","ast-hfb-below-header-display":"","ast-hfb-mobile-header-display":"","site-post-title":"","ast-breadcrumbs-content":"","ast-featured-img":"","footer-sml-layout":"","theme-transparent-header-meta":"default","adv-header-id-meta":"","stick-header-meta":"","header-above-stick-meta":"","header-main-stick-meta":"","header-below-stick-meta":"","astra-migrate-meta-layouts":"set","ast-page-background-enabled":"default","ast-page-background-meta":{"desktop":{"background-color":"","background-image":"","background-repeat":"repeat","background-position":"center center","background-size":"auto","background-attachment":"scroll","background-type":"","background-media":"","overlay-type":"","overlay-color":"","overlay-opacity":"","overlay-gradient":""},"tablet":{"background-color":"","background-image":"","background-repeat":"repeat","background-position":"center center","background-size":"auto","background-attachment":"scroll","background-type":"","background-media":"","overlay-type":"","overlay-color":"","overlay-opacity":"","overlay-gradient":""},"mobile":{"background-color":"","background-image":"","background-repeat":"repeat","background-position":"center center","background-size":"auto","background-attachment":"scroll","background-type":"","background-media":"","overlay-type":"","overlay-color":"","overlay-opacity":"","overlay-gradient":""}},"ast-content-background-meta":{"desktop":{"background-color":"var(--ast-global-color-5)","background-image":"","background-repeat":"repeat","background-position":"center center","background-size":"auto","background-attachment":"scroll","background-type":"","background-media":"","overlay-type":"","overlay-color":"","overlay-opacity":"","overlay-gradient":""},"tablet":{"background-color":"var(--ast-global-color-5)","background-image":"","background-repeat":"repeat","background-position":"center center","background-size":"auto","background-attachment":"scroll","background-type":"","background-media":"","overlay-type":"","overlay-color":"","overlay-opacity":"","overlay-gradient":""},"mobile":{"background-color":"var(--ast-global-color-5)","background-image":"","background-repeat":"repeat","background-position":"center center","background-size":"auto","background-attachment":"scroll","background-type":"","background-media":"","overlay-type":"","overlay-color":"","overlay-opacity":"","overlay-gradient":""}},"_joinchat":[]},"product_brand":[],"product_cat":[79,52],"product_tag":[72],"class_list":{"0":"post-2568","1":"product","2":"type-product","3":"status-publish","4":"has-post-thumbnail","6":"product_cat-auto","7":"product_cat-ovation","8":"product_tag-205-65r15","9":"desktop-align-left","10":"tablet-align-left","11":"mobile-align-left","13":"first","14":"instock","15":"shipping-taxable","16":"purchasable","17":"product-type-simple"},"yoast_head":"<!-- This site is optimized with the Yoast SEO plugin v25.2 - https:\/\/yoast.com\/wordpress\/plugins\/seo\/ -->\n<title>205\/65R15 94H VI-786 OVATION - Neumaticos VN<\/title>\n<meta name=\"robots\" content=\"index, follow, max-snippet:-1, max-image-preview:large, max-video-preview:-1\" \/>\n<link rel=\"canonical\" href=\"https:\/\/parabrisasvn.com\/neumaticos\/producto\/ovation\/205-65r15-94h-vi-786-ovation\/\" \/>\n<meta property=\"og:locale\" content=\"es_ES\" \/>\n<meta property=\"og:type\" content=\"article\" \/>\n<meta property=\"og:title\" content=\"205\/65R15 94H VI-786 OVATION - Neumaticos VN\" \/>\n<meta property=\"og:description\" content=\"Rendimiento confiable al mejor precio. Neum\u00e1ticos Ovation para autos y camionetas.\" \/>\n<meta property=\"og:url\" content=\"https:\/\/parabrisasvn.com\/neumaticos\/producto\/ovation\/205-65r15-94h-vi-786-ovation\/\" \/>\n<meta property=\"og:site_name\" content=\"Neumaticos VN\" \/>\n<meta property=\"article:modified_time\" content=\"2025-06-06T07:10:04+00:00\" \/>\n<meta property=\"og:image\" content=\"https:\/\/parabrisasvn.com\/neumaticos\/wp-content\/uploads\/ovation-para-auto.webp\" \/>\n\t<meta property=\"og:image:width\" content=\"1024\" \/>\n\t<meta property=\"og:image:height\" content=\"1024\" \/>\n\t<meta property=\"og:image:type\" content=\"image\/webp\" \/>\n<meta name=\"twitter:card\" content=\"summary_large_image\" \/>\n<script type=\"application\/ld+json\" class=\"yoast-schema-graph\">{\"@context\":\"https:\/\/schema.org\",\"@graph\":[{\"@type\":\"WebPage\",\"@id\":\"https:\/\/parabrisasvn.com\/neumaticos\/producto\/ovation\/205-65r15-94h-vi-786-ovation\/\",\"url\":\"https:\/\/parabrisasvn.com\/neumaticos\/producto\/ovation\/205-65r15-94h-vi-786-ovation\/\",\"name\":\"205\/65R15 94H VI-786 OVATION - Neumaticos VN\",\"isPartOf\":{\"@id\":\"https:\/\/parabrisasvn.com\/neumaticos\/#website\"},\"primaryImageOfPage\":{\"@id\":\"https:\/\/parabrisasvn.com\/neumaticos\/producto\/ovation\/205-65r15-94h-vi-786-ovation\/#primaryimage\"},\"image\":{\"@id\":\"https:\/\/parabrisasvn.com\/neumaticos\/producto\/ovation\/205-65r15-94h-vi-786-ovation\/#primaryimage\"},\"thumbnailUrl\":\"https:\/\/parabrisasvn.com\/neumaticos\/wp-content\/uploads\/ovation-para-auto.webp\",\"datePublished\":\"2025-05-12T06:51:16+00:00\",\"dateModified\":\"2025-06-06T07:10:04+00:00\",\"breadcrumb\":{\"@id\":\"https:\/\/parabrisasvn.com\/neumaticos\/producto\/ovation\/205-65r15-94h-vi-786-ovation\/#breadcrumb\"},\"inLanguage\":\"es\",\"potentialAction\":[{\"@type\":\"ReadAction\",\"target\":[\"https:\/\/parabrisasvn.com\/neumaticos\/producto\/ovation\/205-65r15-94h-vi-786-ovation\/\"]}]},{\"@type\":\"ImageObject\",\"inLanguage\":\"es\",\"@id\":\"https:\/\/parabrisasvn.com\/neumaticos\/producto\/ovation\/205-65r15-94h-vi-786-ovation\/#primaryimage\",\"url\":\"https:\/\/parabrisasvn.com\/neumaticos\/wp-content\/uploads\/ovation-para-auto.webp\",\"contentUrl\":\"https:\/\/parabrisasvn.com\/neumaticos\/wp-content\/uploads\/ovation-para-auto.webp\",\"width\":1024,\"height\":1024},{\"@type\":\"BreadcrumbList\",\"@id\":\"https:\/\/parabrisasvn.com\/neumaticos\/producto\/ovation\/205-65r15-94h-vi-786-ovation\/#breadcrumb\",\"itemListElement\":[{\"@type\":\"ListItem\",\"position\":1,\"name\":\"Portada\",\"item\":\"https:\/\/parabrisasvn.com\/neumaticos\/\"},{\"@type\":\"ListItem\",\"position\":2,\"name\":\"Shop\",\"item\":\"https:\/\/parabrisasvn.com\/neumaticos\/shop-2\/\"},{\"@type\":\"ListItem\",\"position\":3,\"name\":\"205\/65R15 94H VI-786 OVATION\"}]},{\"@type\":\"WebSite\",\"@id\":\"https:\/\/parabrisasvn.com\/neumaticos\/#website\",\"url\":\"https:\/\/parabrisasvn.com\/neumaticos\/\",\"name\":\"Neumaticos VN\",\"description\":\"Neum\u00e1ticos Multimarca al mejor precio\",\"publisher\":{\"@id\":\"https:\/\/parabrisasvn.com\/neumaticos\/#organization\"},\"potentialAction\":[{\"@type\":\"SearchAction\",\"target\":{\"@type\":\"EntryPoint\",\"urlTemplate\":\"https:\/\/parabrisasvn.com\/neumaticos\/?s={search_term_string}\"},\"query-input\":{\"@type\":\"PropertyValueSpecification\",\"valueRequired\":true,\"valueName\":\"search_term_string\"}}],\"inLanguage\":\"es\"},{\"@type\":\"Organization\",\"@id\":\"https:\/\/parabrisasvn.com\/neumaticos\/#organization\",\"name\":\"Neumaticos VN\",\"url\":\"https:\/\/parabrisasvn.com\/neumaticos\/\",\"logo\":{\"@type\":\"ImageObject\",\"inLanguage\":\"es\",\"@id\":\"https:\/\/parabrisasvn.com\/neumaticos\/#\/schema\/logo\/image\/\",\"url\":\"https:\/\/parabrisasvn.com\/neumaticos\/wp-content\/uploads\/2024\/09\/vn-neumaticos.jpg\",\"contentUrl\":\"https:\/\/parabrisasvn.com\/neumaticos\/wp-content\/uploads\/2024\/09\/vn-neumaticos.jpg\",\"width\":1000,\"height\":1000,\"caption\":\"Neumaticos VN\"},\"image\":{\"@id\":\"https:\/\/parabrisasvn.com\/neumaticos\/#\/schema\/logo\/image\/\"}}]}<\/script>\n<!-- \/ Yoast SEO plugin. -->","yoast_head_json":{"title":"205\/65R15 94H VI-786 OVATION - Neumaticos VN","robots":{"index":"index","follow":"follow","max-snippet":"max-snippet:-1","max-image-preview":"max-image-preview:large","max-video-preview":"max-video-preview:-1"},"canonical":"https:\/\/parabrisasvn.com\/neumaticos\/producto\/ovation\/205-65r15-94h-vi-786-ovation\/","og_locale":"es_ES","og_type":"article","og_title":"205\/65R15 94H VI-786 OVATION - Neumaticos VN","og_description":"Rendimiento confiable al mejor precio. Neum\u00e1ticos Ovation para autos y camionetas.","og_url":"https:\/\/parabrisasvn.com\/neumaticos\/producto\/ovation\/205-65r15-94h-vi-786-ovation\/","og_site_name":"Neumaticos VN","article_modified_time":"2025-06-06T07:10:04+00:00","og_image":[{"width":1024,"height":1024,"url":"https:\/\/parabrisasvn.com\/neumaticos\/wp-content\/uploads\/ovation-para-auto.webp","type":"image\/webp"}],"twitter_card":"summary_large_image","schema":{"@context":"https:\/\/schema.org","@graph":[{"@type":"WebPage","@id":"https:\/\/parabrisasvn.com\/neumaticos\/producto\/ovation\/205-65r15-94h-vi-786-ovation\/","url":"https:\/\/parabrisasvn.com\/neumaticos\/producto\/ovation\/205-65r15-94h-vi-786-ovation\/","name":"205\/65R15 94H VI-786 OVATION - Neumaticos VN","isPartOf":{"@id":"https:\/\/parabrisasvn.com\/neumaticos\/#website"},"primaryImageOfPage":{"@id":"https:\/\/parabrisasvn.com\/neumaticos\/producto\/ovation\/205-65r15-94h-vi-786-ovation\/#primaryimage"},"image":{"@id":"https:\/\/parabrisasvn.com\/neumaticos\/producto\/ovation\/205-65r15-94h-vi-786-ovation\/#primaryimage"},"thumbnailUrl":"https:\/\/parabrisasvn.com\/neumaticos\/wp-content\/uploads\/ovation-para-auto.webp","datePublished":"2025-05-12T06:51:16+00:00","dateModified":"2025-06-06T07:10:04+00:00","breadcrumb":{"@id":"https:\/\/parabrisasvn.com\/neumaticos\/producto\/ovation\/205-65r15-94h-vi-786-ovation\/#breadcrumb"},"inLanguage":"es","potentialAction":[{"@type":"ReadAction","target":["https:\/\/parabrisasvn.com\/neumaticos\/producto\/ovation\/205-65r15-94h-vi-786-ovation\/"]}]},{"@type":"ImageObject","inLanguage":"es","@id":"https:\/\/parabrisasvn.com\/neumaticos\/producto\/ovation\/205-65r15-94h-vi-786-ovation\/#primaryimage","url":"https:\/\/parabrisasvn.com\/neumaticos\/wp-content\/uploads\/ovation-para-auto.webp","contentUrl":"https:\/\/parabrisasvn.com\/neumaticos\/wp-content\/uploads\/ovation-para-auto.webp","width":1024,"height":1024},{"@type":"BreadcrumbList","@id":"https:\/\/parabrisasvn.com\/neumaticos\/producto\/ovation\/205-65r15-94h-vi-786-ovation\/#breadcrumb","itemListElement":[{"@type":"ListItem","position":1,"name":"Portada","item":"https:\/\/parabrisasvn.com\/neumaticos\/"},{"@type":"ListItem","position":2,"name":"Shop","item":"https:\/\/parabrisasvn.com\/neumaticos\/shop-2\/"},{"@type":"ListItem","position":3,"name":"205\/65R15 94H VI-786 OVATION"}]},{"@type":"WebSite","@id":"https:\/\/parabrisasvn.com\/neumaticos\/#website","url":"https:\/\/parabrisasvn.com\/neumaticos\/","name":"Neumaticos VN","description":"Neum\u00e1ticos Multimarca al mejor precio","publisher":{"@id":"https:\/\/parabrisasvn.com\/neumaticos\/#organization"},"potentialAction":[{"@type":"SearchAction","target":{"@type":"EntryPoint","urlTemplate":"https:\/\/parabrisasvn.com\/neumaticos\/?s={search_term_string}"},"query-input":{"@type":"PropertyValueSpecification","valueRequired":true,"valueName":"search_term_string"}}],"inLanguage":"es"},{"@type":"Organization","@id":"https:\/\/parabrisasvn.com\/neumaticos\/#organization","name":"Neumaticos VN","url":"https:\/\/parabrisasvn.com\/neumaticos\/","logo":{"@type":"ImageObject","inLanguage":"es","@id":"https:\/\/parabrisasvn.com\/neumaticos\/#\/schema\/logo\/image\/","url":"https:\/\/parabrisasvn.com\/neumaticos\/wp-content\/uploads\/2024\/09\/vn-neumaticos.jpg","contentUrl":"https:\/\/parabrisasvn.com\/neumaticos\/wp-content\/uploads\/2024\/09\/vn-neumaticos.jpg","width":1000,"height":1000,"caption":"Neumaticos VN"},"image":{"@id":"https:\/\/parabrisasvn.com\/neumaticos\/#\/schema\/logo\/image\/"}}]}},"uagb_featured_image_src":{"full":["https:\/\/parabrisasvn.com\/neumaticos\/wp-content\/uploads\/ovation-para-auto.webp",1024,1024,false],"thumbnail":["https:\/\/parabrisasvn.com\/neumaticos\/wp-content\/uploads\/ovation-para-auto-150x150.webp",150,150,true],"medium":["https:\/\/parabrisasvn.com\/neumaticos\/wp-content\/uploads\/ovation-para-auto-300x300.webp",300,300,true],"medium_large":["https:\/\/parabrisasvn.com\/neumaticos\/wp-content\/uploads\/ovation-para-auto-768x768.webp",768,768,true],"large":["https:\/\/parabrisasvn.com\/neumaticos\/wp-content\/uploads\/ovation-para-auto.webp",1024,1024,false],"1536x1536":["https:\/\/parabrisasvn.com\/neumaticos\/wp-content\/uploads\/ovation-para-auto.webp",1024,1024,false],"2048x2048":["https:\/\/parabrisasvn.com\/neumaticos\/wp-content\/uploads\/ovation-para-auto.webp",1024,1024,false],"woocommerce_thumbnail":["https:\/\/parabrisasvn.com\/neumaticos\/wp-content\/uploads\/ovation-para-auto-300x300.webp",300,300,true],"woocommerce_single":["https:\/\/parabrisasvn.com\/neumaticos\/wp-content\/uploads\/ovation-para-auto-600x600.webp",600,600,true],"woocommerce_gallery_thumbnail":["https:\/\/parabrisasvn.com\/neumaticos\/wp-content\/uploads\/ovation-para-auto-100x100.webp",100,100,true]},"uagb_author_info":{"display_name":"santiago","author_link":"https:\/\/parabrisasvn.com\/neumaticos\/author\/"},"uagb_comment_info":0,"uagb_excerpt":"Rendimiento confiable al mejor precio. Neum\u00e1ticos Ovation para autos y camionetas.","_links":{"self":[{"href":"https:\/\/parabrisasvn.com\/neumaticos\/wp-json\/wp\/v2\/product\/2568","targetHints":{"allow":["GET"]}}],"collection":[{"href":"https:\/\/parabrisasvn.com\/neumaticos\/wp-json\/wp\/v2\/product"}],"about":[{"href":"https:\/\/parabrisasvn.com\/neumaticos\/wp-json\/wp\/v2\/types\/product"}],"replies":[{"embeddable":true,"href":"https:\/\/parabrisasvn.com\/neumaticos\/wp-json\/wp\/v2\/comments?post=2568"}],"wp:featuredmedia":[{"embeddable":true,"href":"https:\/\/parabrisasvn.com\/neumaticos\/wp-json\/wp\/v2\/media\/2537"}],"wp:attachment":[{"href":"https:\/\/parabrisasvn.com\/neumaticos\/wp-json\/wp\/v2\/media?parent=2568"}],"wp:term":[{"taxonomy":"product_brand","embeddable":true,"href":"https:\/\/parabrisasvn.com\/neumaticos\/wp-json\/wp\/v2\/product_brand?post=2568"},{"taxonomy":"product_cat","embeddable":true,"href":"https:\/\/parabrisasvn.com\/neumaticos\/wp-json\/wp\/v2\/product_cat?post=2568"},{"taxonomy":"product_tag","embeddable":true,"href":"https:\/\/parabrisasvn.com\/neumaticos\/wp-json\/wp\/v2\/product_tag?post=2568"}],"curies":[{"name":"wp","href":"https:\/\/api.w.org\/{rel}","templated":true}]}}