{"id":2754,"date":"2025-05-13T00:43:53","date_gmt":"2025-05-13T00:43:53","guid":{"rendered":"https:\/\/parabrisasvn.com\/neumaticos\/?post_type=product&#038;p=2754"},"modified":"2025-05-13T00:43:55","modified_gmt":"2025-05-13T00:43:55","slug":"215-60-r17-96h-dueler-hp-sport-bridgestone","status":"publish","type":"product","link":"https:\/\/parabrisasvn.com\/neumaticos\/producto\/bridgestone\/215-60-r17-96h-dueler-hp-sport-bridgestone\/","title":{"rendered":"215 60 R17 96H DUELER HP SPORT BRIDGESTONE"},"content":{"rendered":"<p>Bridgestone ofrece neum\u00e1ticos de alta gama con un excelente desempe\u00f1o en ruta y ciudad. Su tecnolog\u00eda japonesa garantiza un andar silencioso, gran adherencia y resistencia al desgaste. Elegidos por millones de conductores en todo el mundo.<\/p>\n","protected":false},"excerpt":{"rendered":"<p>M\u00e1ximo control y durabilidad con Bridgestone.<\/p>\n","protected":false},"featured_media":2607,"comment_status":"open","ping_status":"closed","template":"","meta":{"_uag_custom_page_level_css":"","site-sidebar-layout":"default","site-content-layout":"","ast-site-content-layout":"default","site-content-style":"default","site-sidebar-style":"default","ast-global-header-display":"","ast-banner-title-visibility":"","ast-main-header-display":"","ast-hfb-above-header-display":"","ast-hfb-below-header-display":"","ast-hfb-mobile-header-display":"","site-post-title":"","ast-breadcrumbs-content":"","ast-featured-img":"","footer-sml-layout":"","theme-transparent-header-meta":"default","adv-header-id-meta":"","stick-header-meta":"","header-above-stick-meta":"","header-main-stick-meta":"","header-below-stick-meta":"","astra-migrate-meta-layouts":"set","ast-page-background-enabled":"default","ast-page-background-meta":{"desktop":{"background-color":"","background-image":"","background-repeat":"repeat","background-position":"center center","background-size":"auto","background-attachment":"scroll","background-type":"","background-media":"","overlay-type":"","overlay-color":"","overlay-opacity":"","overlay-gradient":""},"tablet":{"background-color":"","background-image":"","background-repeat":"repeat","background-position":"center center","background-size":"auto","background-attachment":"scroll","background-type":"","background-media":"","overlay-type":"","overlay-color":"","overlay-opacity":"","overlay-gradient":""},"mobile":{"background-color":"","background-image":"","background-repeat":"repeat","background-position":"center center","background-size":"auto","background-attachment":"scroll","background-type":"","background-media":"","overlay-type":"","overlay-color":"","overlay-opacity":"","overlay-gradient":""}},"ast-content-background-meta":{"desktop":{"background-color":"var(--ast-global-color-5)","background-image":"","background-repeat":"repeat","background-position":"center center","background-size":"auto","background-attachment":"scroll","background-type":"","background-media":"","overlay-type":"","overlay-color":"","overlay-opacity":"","overlay-gradient":""},"tablet":{"background-color":"var(--ast-global-color-5)","background-image":"","background-repeat":"repeat","background-position":"center center","background-size":"auto","background-attachment":"scroll","background-type":"","background-media":"","overlay-type":"","overlay-color":"","overlay-opacity":"","overlay-gradient":""},"mobile":{"background-color":"var(--ast-global-color-5)","background-image":"","background-repeat":"repeat","background-position":"center center","background-size":"auto","background-attachment":"scroll","background-type":"","background-media":"","overlay-type":"","overlay-color":"","overlay-opacity":"","overlay-gradient":""}},"_joinchat":[]},"product_brand":[],"product_cat":[55,136],"product_tag":[139],"class_list":{"0":"post-2754","1":"product","2":"type-product","3":"status-publish","4":"has-post-thumbnail","6":"product_cat-bridgestone","7":"product_cat-camioneta","8":"product_tag-215-60r17","9":"desktop-align-left","10":"tablet-align-left","11":"mobile-align-left","13":"first","14":"instock","15":"shipping-taxable","16":"purchasable","17":"product-type-simple"},"yoast_head":"<!-- This site is optimized with the Yoast SEO plugin v25.2 - https:\/\/yoast.com\/wordpress\/plugins\/seo\/ -->\n<title>215 60 R17 96H DUELER HP SPORT BRIDGESTONE - Neumaticos VN<\/title>\n<meta name=\"robots\" content=\"index, follow, max-snippet:-1, max-image-preview:large, max-video-preview:-1\" \/>\n<link rel=\"canonical\" href=\"https:\/\/parabrisasvn.com\/neumaticos\/producto\/bridgestone\/215-60-r17-96h-dueler-hp-sport-bridgestone\/\" \/>\n<meta property=\"og:locale\" content=\"es_ES\" \/>\n<meta property=\"og:type\" content=\"article\" \/>\n<meta property=\"og:title\" content=\"215 60 R17 96H DUELER HP SPORT BRIDGESTONE - Neumaticos VN\" \/>\n<meta property=\"og:description\" content=\"M\u00e1ximo control y durabilidad con Bridgestone.\" \/>\n<meta property=\"og:url\" content=\"https:\/\/parabrisasvn.com\/neumaticos\/producto\/bridgestone\/215-60-r17-96h-dueler-hp-sport-bridgestone\/\" \/>\n<meta property=\"og:site_name\" content=\"Neumaticos VN\" \/>\n<meta property=\"article:modified_time\" content=\"2025-05-13T00:43:55+00:00\" \/>\n<meta property=\"og:image\" content=\"https:\/\/parabrisasvn.com\/neumaticos\/wp-content\/uploads\/BRIDGESTONE-HT.jpg\" \/>\n\t<meta property=\"og:image:width\" content=\"1000\" \/>\n\t<meta property=\"og:image:height\" content=\"1000\" \/>\n\t<meta property=\"og:image:type\" content=\"image\/jpeg\" \/>\n<meta name=\"twitter:card\" content=\"summary_large_image\" \/>\n<script type=\"application\/ld+json\" class=\"yoast-schema-graph\">{\"@context\":\"https:\/\/schema.org\",\"@graph\":[{\"@type\":\"WebPage\",\"@id\":\"https:\/\/parabrisasvn.com\/neumaticos\/producto\/bridgestone\/215-60-r17-96h-dueler-hp-sport-bridgestone\/\",\"url\":\"https:\/\/parabrisasvn.com\/neumaticos\/producto\/bridgestone\/215-60-r17-96h-dueler-hp-sport-bridgestone\/\",\"name\":\"215 60 R17 96H DUELER HP SPORT BRIDGESTONE - Neumaticos VN\",\"isPartOf\":{\"@id\":\"https:\/\/parabrisasvn.com\/neumaticos\/#website\"},\"primaryImageOfPage\":{\"@id\":\"https:\/\/parabrisasvn.com\/neumaticos\/producto\/bridgestone\/215-60-r17-96h-dueler-hp-sport-bridgestone\/#primaryimage\"},\"image\":{\"@id\":\"https:\/\/parabrisasvn.com\/neumaticos\/producto\/bridgestone\/215-60-r17-96h-dueler-hp-sport-bridgestone\/#primaryimage\"},\"thumbnailUrl\":\"https:\/\/parabrisasvn.com\/neumaticos\/wp-content\/uploads\/BRIDGESTONE-HT.jpg\",\"datePublished\":\"2025-05-13T00:43:53+00:00\",\"dateModified\":\"2025-05-13T00:43:55+00:00\",\"breadcrumb\":{\"@id\":\"https:\/\/parabrisasvn.com\/neumaticos\/producto\/bridgestone\/215-60-r17-96h-dueler-hp-sport-bridgestone\/#breadcrumb\"},\"inLanguage\":\"es\",\"potentialAction\":[{\"@type\":\"ReadAction\",\"target\":[\"https:\/\/parabrisasvn.com\/neumaticos\/producto\/bridgestone\/215-60-r17-96h-dueler-hp-sport-bridgestone\/\"]}]},{\"@type\":\"ImageObject\",\"inLanguage\":\"es\",\"@id\":\"https:\/\/parabrisasvn.com\/neumaticos\/producto\/bridgestone\/215-60-r17-96h-dueler-hp-sport-bridgestone\/#primaryimage\",\"url\":\"https:\/\/parabrisasvn.com\/neumaticos\/wp-content\/uploads\/BRIDGESTONE-HT.jpg\",\"contentUrl\":\"https:\/\/parabrisasvn.com\/neumaticos\/wp-content\/uploads\/BRIDGESTONE-HT.jpg\",\"width\":1000,\"height\":1000},{\"@type\":\"BreadcrumbList\",\"@id\":\"https:\/\/parabrisasvn.com\/neumaticos\/producto\/bridgestone\/215-60-r17-96h-dueler-hp-sport-bridgestone\/#breadcrumb\",\"itemListElement\":[{\"@type\":\"ListItem\",\"position\":1,\"name\":\"Portada\",\"item\":\"https:\/\/parabrisasvn.com\/neumaticos\/\"},{\"@type\":\"ListItem\",\"position\":2,\"name\":\"Shop\",\"item\":\"https:\/\/parabrisasvn.com\/neumaticos\/shop-2\/\"},{\"@type\":\"ListItem\",\"position\":3,\"name\":\"215 60 R17 96H DUELER HP SPORT BRIDGESTONE\"}]},{\"@type\":\"WebSite\",\"@id\":\"https:\/\/parabrisasvn.com\/neumaticos\/#website\",\"url\":\"https:\/\/parabrisasvn.com\/neumaticos\/\",\"name\":\"Neumaticos VN\",\"description\":\"Neum\u00e1ticos Multimarca al mejor precio\",\"publisher\":{\"@id\":\"https:\/\/parabrisasvn.com\/neumaticos\/#organization\"},\"potentialAction\":[{\"@type\":\"SearchAction\",\"target\":{\"@type\":\"EntryPoint\",\"urlTemplate\":\"https:\/\/parabrisasvn.com\/neumaticos\/?s={search_term_string}\"},\"query-input\":{\"@type\":\"PropertyValueSpecification\",\"valueRequired\":true,\"valueName\":\"search_term_string\"}}],\"inLanguage\":\"es\"},{\"@type\":\"Organization\",\"@id\":\"https:\/\/parabrisasvn.com\/neumaticos\/#organization\",\"name\":\"Neumaticos VN\",\"url\":\"https:\/\/parabrisasvn.com\/neumaticos\/\",\"logo\":{\"@type\":\"ImageObject\",\"inLanguage\":\"es\",\"@id\":\"https:\/\/parabrisasvn.com\/neumaticos\/#\/schema\/logo\/image\/\",\"url\":\"https:\/\/parabrisasvn.com\/neumaticos\/wp-content\/uploads\/2024\/09\/vn-neumaticos.jpg\",\"contentUrl\":\"https:\/\/parabrisasvn.com\/neumaticos\/wp-content\/uploads\/2024\/09\/vn-neumaticos.jpg\",\"width\":1000,\"height\":1000,\"caption\":\"Neumaticos VN\"},\"image\":{\"@id\":\"https:\/\/parabrisasvn.com\/neumaticos\/#\/schema\/logo\/image\/\"}}]}<\/script>\n<!-- \/ Yoast SEO plugin. -->","yoast_head_json":{"title":"215 60 R17 96H DUELER HP SPORT BRIDGESTONE - Neumaticos VN","robots":{"index":"index","follow":"follow","max-snippet":"max-snippet:-1","max-image-preview":"max-image-preview:large","max-video-preview":"max-video-preview:-1"},"canonical":"https:\/\/parabrisasvn.com\/neumaticos\/producto\/bridgestone\/215-60-r17-96h-dueler-hp-sport-bridgestone\/","og_locale":"es_ES","og_type":"article","og_title":"215 60 R17 96H DUELER HP SPORT BRIDGESTONE - Neumaticos VN","og_description":"M\u00e1ximo control y durabilidad con Bridgestone.","og_url":"https:\/\/parabrisasvn.com\/neumaticos\/producto\/bridgestone\/215-60-r17-96h-dueler-hp-sport-bridgestone\/","og_site_name":"Neumaticos VN","article_modified_time":"2025-05-13T00:43:55+00:00","og_image":[{"width":1000,"height":1000,"url":"https:\/\/parabrisasvn.com\/neumaticos\/wp-content\/uploads\/BRIDGESTONE-HT.jpg","type":"image\/jpeg"}],"twitter_card":"summary_large_image","schema":{"@context":"https:\/\/schema.org","@graph":[{"@type":"WebPage","@id":"https:\/\/parabrisasvn.com\/neumaticos\/producto\/bridgestone\/215-60-r17-96h-dueler-hp-sport-bridgestone\/","url":"https:\/\/parabrisasvn.com\/neumaticos\/producto\/bridgestone\/215-60-r17-96h-dueler-hp-sport-bridgestone\/","name":"215 60 R17 96H DUELER HP SPORT BRIDGESTONE - Neumaticos VN","isPartOf":{"@id":"https:\/\/parabrisasvn.com\/neumaticos\/#website"},"primaryImageOfPage":{"@id":"https:\/\/parabrisasvn.com\/neumaticos\/producto\/bridgestone\/215-60-r17-96h-dueler-hp-sport-bridgestone\/#primaryimage"},"image":{"@id":"https:\/\/parabrisasvn.com\/neumaticos\/producto\/bridgestone\/215-60-r17-96h-dueler-hp-sport-bridgestone\/#primaryimage"},"thumbnailUrl":"https:\/\/parabrisasvn.com\/neumaticos\/wp-content\/uploads\/BRIDGESTONE-HT.jpg","datePublished":"2025-05-13T00:43:53+00:00","dateModified":"2025-05-13T00:43:55+00:00","breadcrumb":{"@id":"https:\/\/parabrisasvn.com\/neumaticos\/producto\/bridgestone\/215-60-r17-96h-dueler-hp-sport-bridgestone\/#breadcrumb"},"inLanguage":"es","potentialAction":[{"@type":"ReadAction","target":["https:\/\/parabrisasvn.com\/neumaticos\/producto\/bridgestone\/215-60-r17-96h-dueler-hp-sport-bridgestone\/"]}]},{"@type":"ImageObject","inLanguage":"es","@id":"https:\/\/parabrisasvn.com\/neumaticos\/producto\/bridgestone\/215-60-r17-96h-dueler-hp-sport-bridgestone\/#primaryimage","url":"https:\/\/parabrisasvn.com\/neumaticos\/wp-content\/uploads\/BRIDGESTONE-HT.jpg","contentUrl":"https:\/\/parabrisasvn.com\/neumaticos\/wp-content\/uploads\/BRIDGESTONE-HT.jpg","width":1000,"height":1000},{"@type":"BreadcrumbList","@id":"https:\/\/parabrisasvn.com\/neumaticos\/producto\/bridgestone\/215-60-r17-96h-dueler-hp-sport-bridgestone\/#breadcrumb","itemListElement":[{"@type":"ListItem","position":1,"name":"Portada","item":"https:\/\/parabrisasvn.com\/neumaticos\/"},{"@type":"ListItem","position":2,"name":"Shop","item":"https:\/\/parabrisasvn.com\/neumaticos\/shop-2\/"},{"@type":"ListItem","position":3,"name":"215 60 R17 96H DUELER HP SPORT BRIDGESTONE"}]},{"@type":"WebSite","@id":"https:\/\/parabrisasvn.com\/neumaticos\/#website","url":"https:\/\/parabrisasvn.com\/neumaticos\/","name":"Neumaticos VN","description":"Neum\u00e1ticos Multimarca al mejor precio","publisher":{"@id":"https:\/\/parabrisasvn.com\/neumaticos\/#organization"},"potentialAction":[{"@type":"SearchAction","target":{"@type":"EntryPoint","urlTemplate":"https:\/\/parabrisasvn.com\/neumaticos\/?s={search_term_string}"},"query-input":{"@type":"PropertyValueSpecification","valueRequired":true,"valueName":"search_term_string"}}],"inLanguage":"es"},{"@type":"Organization","@id":"https:\/\/parabrisasvn.com\/neumaticos\/#organization","name":"Neumaticos VN","url":"https:\/\/parabrisasvn.com\/neumaticos\/","logo":{"@type":"ImageObject","inLanguage":"es","@id":"https:\/\/parabrisasvn.com\/neumaticos\/#\/schema\/logo\/image\/","url":"https:\/\/parabrisasvn.com\/neumaticos\/wp-content\/uploads\/2024\/09\/vn-neumaticos.jpg","contentUrl":"https:\/\/parabrisasvn.com\/neumaticos\/wp-content\/uploads\/2024\/09\/vn-neumaticos.jpg","width":1000,"height":1000,"caption":"Neumaticos VN"},"image":{"@id":"https:\/\/parabrisasvn.com\/neumaticos\/#\/schema\/logo\/image\/"}}]}},"uagb_featured_image_src":{"full":["https:\/\/parabrisasvn.com\/neumaticos\/wp-content\/uploads\/BRIDGESTONE-HT.jpg",1000,1000,false],"thumbnail":["https:\/\/parabrisasvn.com\/neumaticos\/wp-content\/uploads\/BRIDGESTONE-HT-150x150.jpg",150,150,true],"medium":["https:\/\/parabrisasvn.com\/neumaticos\/wp-content\/uploads\/BRIDGESTONE-HT-300x300.jpg",300,300,true],"medium_large":["https:\/\/parabrisasvn.com\/neumaticos\/wp-content\/uploads\/BRIDGESTONE-HT-768x768.jpg",768,768,true],"large":["https:\/\/parabrisasvn.com\/neumaticos\/wp-content\/uploads\/BRIDGESTONE-HT.jpg",1000,1000,false],"1536x1536":["https:\/\/parabrisasvn.com\/neumaticos\/wp-content\/uploads\/BRIDGESTONE-HT.jpg",1000,1000,false],"2048x2048":["https:\/\/parabrisasvn.com\/neumaticos\/wp-content\/uploads\/BRIDGESTONE-HT.jpg",1000,1000,false],"woocommerce_thumbnail":["https:\/\/parabrisasvn.com\/neumaticos\/wp-content\/uploads\/BRIDGESTONE-HT-300x300.jpg",300,300,true],"woocommerce_single":["https:\/\/parabrisasvn.com\/neumaticos\/wp-content\/uploads\/BRIDGESTONE-HT-600x600.jpg",600,600,true],"woocommerce_gallery_thumbnail":["https:\/\/parabrisasvn.com\/neumaticos\/wp-content\/uploads\/BRIDGESTONE-HT-100x100.jpg",100,100,true]},"uagb_author_info":{"display_name":"santiago","author_link":"https:\/\/parabrisasvn.com\/neumaticos\/author\/"},"uagb_comment_info":0,"uagb_excerpt":"M\u00e1ximo control y durabilidad con Bridgestone.","_links":{"self":[{"href":"https:\/\/parabrisasvn.com\/neumaticos\/wp-json\/wp\/v2\/product\/2754","targetHints":{"allow":["GET"]}}],"collection":[{"href":"https:\/\/parabrisasvn.com\/neumaticos\/wp-json\/wp\/v2\/product"}],"about":[{"href":"https:\/\/parabrisasvn.com\/neumaticos\/wp-json\/wp\/v2\/types\/product"}],"replies":[{"embeddable":true,"href":"https:\/\/parabrisasvn.com\/neumaticos\/wp-json\/wp\/v2\/comments?post=2754"}],"wp:featuredmedia":[{"embeddable":true,"href":"https:\/\/parabrisasvn.com\/neumaticos\/wp-json\/wp\/v2\/media\/2607"}],"wp:attachment":[{"href":"https:\/\/parabrisasvn.com\/neumaticos\/wp-json\/wp\/v2\/media?parent=2754"}],"wp:term":[{"taxonomy":"product_brand","embeddable":true,"href":"https:\/\/parabrisasvn.com\/neumaticos\/wp-json\/wp\/v2\/product_brand?post=2754"},{"taxonomy":"product_cat","embeddable":true,"href":"https:\/\/parabrisasvn.com\/neumaticos\/wp-json\/wp\/v2\/product_cat?post=2754"},{"taxonomy":"product_tag","embeddable":true,"href":"https:\/\/parabrisasvn.com\/neumaticos\/wp-json\/wp\/v2\/product_tag?post=2754"}],"curies":[{"name":"wp","href":"https:\/\/api.w.org\/{rel}","templated":true}]}}