{"id":2895,"date":"2025-05-13T02:25:28","date_gmt":"2025-05-13T02:25:28","guid":{"rendered":"https:\/\/parabrisasvn.com\/neumaticos\/?post_type=product&#038;p=2895"},"modified":"2025-05-13T02:25:29","modified_gmt":"2025-05-13T02:25:29","slug":"wanli-sp026-155-80r13-79t","status":"publish","type":"product","link":"https:\/\/parabrisasvn.com\/neumaticos\/producto\/wanli\/wanli-sp026-155-80r13-79t\/","title":{"rendered":"WANLI SP026 155\/80R13 79T"},"content":{"rendered":"<p>Wanli ofrece neum\u00e1ticos de alto rendimiento con dise\u00f1o optimizado para el clima y caminos argentinos. Perfectos para quienes priorizan el equilibrio entre calidad y econom\u00eda. Disponibles en una amplia variedad de medidas para veh\u00edculos livianos y utilitarios.<\/p>\n","protected":false},"excerpt":{"rendered":"<p>Neum\u00e1ticos Wanli: seguridad, duraci\u00f3n y precio justo.<\/p>\n","protected":false},"featured_media":2893,"comment_status":"open","ping_status":"closed","template":"","meta":{"_uag_custom_page_level_css":"","site-sidebar-layout":"default","site-content-layout":"","ast-site-content-layout":"default","site-content-style":"default","site-sidebar-style":"default","ast-global-header-display":"","ast-banner-title-visibility":"","ast-main-header-display":"","ast-hfb-above-header-display":"","ast-hfb-below-header-display":"","ast-hfb-mobile-header-display":"","site-post-title":"","ast-breadcrumbs-content":"","ast-featured-img":"","footer-sml-layout":"","theme-transparent-header-meta":"default","adv-header-id-meta":"","stick-header-meta":"","header-above-stick-meta":"","header-main-stick-meta":"","header-below-stick-meta":"","astra-migrate-meta-layouts":"set","ast-page-background-enabled":"default","ast-page-background-meta":{"desktop":{"background-color":"","background-image":"","background-repeat":"repeat","background-position":"center center","background-size":"auto","background-attachment":"scroll","background-type":"","background-media":"","overlay-type":"","overlay-color":"","overlay-opacity":"","overlay-gradient":""},"tablet":{"background-color":"","background-image":"","background-repeat":"repeat","background-position":"center center","background-size":"auto","background-attachment":"scroll","background-type":"","background-media":"","overlay-type":"","overlay-color":"","overlay-opacity":"","overlay-gradient":""},"mobile":{"background-color":"","background-image":"","background-repeat":"repeat","background-position":"center center","background-size":"auto","background-attachment":"scroll","background-type":"","background-media":"","overlay-type":"","overlay-color":"","overlay-opacity":"","overlay-gradient":""}},"ast-content-background-meta":{"desktop":{"background-color":"var(--ast-global-color-5)","background-image":"","background-repeat":"repeat","background-position":"center center","background-size":"auto","background-attachment":"scroll","background-type":"","background-media":"","overlay-type":"","overlay-color":"","overlay-opacity":"","overlay-gradient":""},"tablet":{"background-color":"var(--ast-global-color-5)","background-image":"","background-repeat":"repeat","background-position":"center center","background-size":"auto","background-attachment":"scroll","background-type":"","background-media":"","overlay-type":"","overlay-color":"","overlay-opacity":"","overlay-gradient":""},"mobile":{"background-color":"var(--ast-global-color-5)","background-image":"","background-repeat":"repeat","background-position":"center center","background-size":"auto","background-attachment":"scroll","background-type":"","background-media":"","overlay-type":"","overlay-color":"","overlay-opacity":"","overlay-gradient":""}},"_joinchat":[]},"product_brand":[],"product_cat":[79,58],"product_tag":[],"class_list":{"0":"post-2895","1":"product","2":"type-product","3":"status-publish","4":"has-post-thumbnail","6":"product_cat-auto","7":"product_cat-wanli","8":"desktop-align-left","9":"tablet-align-left","10":"mobile-align-left","12":"first","13":"instock","14":"shipping-taxable","15":"purchasable","16":"product-type-simple"},"yoast_head":"<!-- This site is optimized with the Yoast SEO plugin v25.2 - https:\/\/yoast.com\/wordpress\/plugins\/seo\/ -->\n<title>WANLI SP026 155\/80R13 79T - Neumaticos VN<\/title>\n<meta name=\"robots\" content=\"index, follow, max-snippet:-1, max-image-preview:large, max-video-preview:-1\" \/>\n<link rel=\"canonical\" href=\"https:\/\/parabrisasvn.com\/neumaticos\/producto\/wanli\/wanli-sp026-155-80r13-79t\/\" \/>\n<meta property=\"og:locale\" content=\"es_ES\" \/>\n<meta property=\"og:type\" content=\"article\" \/>\n<meta property=\"og:title\" content=\"WANLI SP026 155\/80R13 79T - Neumaticos VN\" \/>\n<meta property=\"og:description\" content=\"Neum\u00e1ticos Wanli: seguridad, duraci\u00f3n y precio justo.\" \/>\n<meta property=\"og:url\" content=\"https:\/\/parabrisasvn.com\/neumaticos\/producto\/wanli\/wanli-sp026-155-80r13-79t\/\" \/>\n<meta property=\"og:site_name\" content=\"Neumaticos VN\" \/>\n<meta property=\"article:modified_time\" content=\"2025-05-13T02:25:29+00:00\" \/>\n<meta property=\"og:image\" content=\"https:\/\/parabrisasvn.com\/neumaticos\/wp-content\/uploads\/WANLI-NEUMATICOS-AUTO.jpg\" \/>\n\t<meta property=\"og:image:width\" content=\"1035\" \/>\n\t<meta property=\"og:image:height\" content=\"1196\" \/>\n\t<meta property=\"og:image:type\" content=\"image\/jpeg\" \/>\n<meta name=\"twitter:card\" content=\"summary_large_image\" \/>\n<script type=\"application\/ld+json\" class=\"yoast-schema-graph\">{\"@context\":\"https:\/\/schema.org\",\"@graph\":[{\"@type\":\"WebPage\",\"@id\":\"https:\/\/parabrisasvn.com\/neumaticos\/producto\/wanli\/wanli-sp026-155-80r13-79t\/\",\"url\":\"https:\/\/parabrisasvn.com\/neumaticos\/producto\/wanli\/wanli-sp026-155-80r13-79t\/\",\"name\":\"WANLI SP026 155\/80R13 79T - Neumaticos VN\",\"isPartOf\":{\"@id\":\"https:\/\/parabrisasvn.com\/neumaticos\/#website\"},\"primaryImageOfPage\":{\"@id\":\"https:\/\/parabrisasvn.com\/neumaticos\/producto\/wanli\/wanli-sp026-155-80r13-79t\/#primaryimage\"},\"image\":{\"@id\":\"https:\/\/parabrisasvn.com\/neumaticos\/producto\/wanli\/wanli-sp026-155-80r13-79t\/#primaryimage\"},\"thumbnailUrl\":\"https:\/\/parabrisasvn.com\/neumaticos\/wp-content\/uploads\/WANLI-NEUMATICOS-AUTO.jpg\",\"datePublished\":\"2025-05-13T02:25:28+00:00\",\"dateModified\":\"2025-05-13T02:25:29+00:00\",\"breadcrumb\":{\"@id\":\"https:\/\/parabrisasvn.com\/neumaticos\/producto\/wanli\/wanli-sp026-155-80r13-79t\/#breadcrumb\"},\"inLanguage\":\"es\",\"potentialAction\":[{\"@type\":\"ReadAction\",\"target\":[\"https:\/\/parabrisasvn.com\/neumaticos\/producto\/wanli\/wanli-sp026-155-80r13-79t\/\"]}]},{\"@type\":\"ImageObject\",\"inLanguage\":\"es\",\"@id\":\"https:\/\/parabrisasvn.com\/neumaticos\/producto\/wanli\/wanli-sp026-155-80r13-79t\/#primaryimage\",\"url\":\"https:\/\/parabrisasvn.com\/neumaticos\/wp-content\/uploads\/WANLI-NEUMATICOS-AUTO.jpg\",\"contentUrl\":\"https:\/\/parabrisasvn.com\/neumaticos\/wp-content\/uploads\/WANLI-NEUMATICOS-AUTO.jpg\",\"width\":1035,\"height\":1196},{\"@type\":\"BreadcrumbList\",\"@id\":\"https:\/\/parabrisasvn.com\/neumaticos\/producto\/wanli\/wanli-sp026-155-80r13-79t\/#breadcrumb\",\"itemListElement\":[{\"@type\":\"ListItem\",\"position\":1,\"name\":\"Portada\",\"item\":\"https:\/\/parabrisasvn.com\/neumaticos\/\"},{\"@type\":\"ListItem\",\"position\":2,\"name\":\"Shop\",\"item\":\"https:\/\/parabrisasvn.com\/neumaticos\/shop-2\/\"},{\"@type\":\"ListItem\",\"position\":3,\"name\":\"WANLI SP026 155\/80R13 79T\"}]},{\"@type\":\"WebSite\",\"@id\":\"https:\/\/parabrisasvn.com\/neumaticos\/#website\",\"url\":\"https:\/\/parabrisasvn.com\/neumaticos\/\",\"name\":\"Neumaticos VN\",\"description\":\"Neum\u00e1ticos Multimarca al mejor precio\",\"publisher\":{\"@id\":\"https:\/\/parabrisasvn.com\/neumaticos\/#organization\"},\"potentialAction\":[{\"@type\":\"SearchAction\",\"target\":{\"@type\":\"EntryPoint\",\"urlTemplate\":\"https:\/\/parabrisasvn.com\/neumaticos\/?s={search_term_string}\"},\"query-input\":{\"@type\":\"PropertyValueSpecification\",\"valueRequired\":true,\"valueName\":\"search_term_string\"}}],\"inLanguage\":\"es\"},{\"@type\":\"Organization\",\"@id\":\"https:\/\/parabrisasvn.com\/neumaticos\/#organization\",\"name\":\"Neumaticos VN\",\"url\":\"https:\/\/parabrisasvn.com\/neumaticos\/\",\"logo\":{\"@type\":\"ImageObject\",\"inLanguage\":\"es\",\"@id\":\"https:\/\/parabrisasvn.com\/neumaticos\/#\/schema\/logo\/image\/\",\"url\":\"https:\/\/parabrisasvn.com\/neumaticos\/wp-content\/uploads\/2024\/09\/vn-neumaticos.jpg\",\"contentUrl\":\"https:\/\/parabrisasvn.com\/neumaticos\/wp-content\/uploads\/2024\/09\/vn-neumaticos.jpg\",\"width\":1000,\"height\":1000,\"caption\":\"Neumaticos VN\"},\"image\":{\"@id\":\"https:\/\/parabrisasvn.com\/neumaticos\/#\/schema\/logo\/image\/\"}}]}<\/script>\n<!-- \/ Yoast SEO plugin. -->","yoast_head_json":{"title":"WANLI SP026 155\/80R13 79T - Neumaticos VN","robots":{"index":"index","follow":"follow","max-snippet":"max-snippet:-1","max-image-preview":"max-image-preview:large","max-video-preview":"max-video-preview:-1"},"canonical":"https:\/\/parabrisasvn.com\/neumaticos\/producto\/wanli\/wanli-sp026-155-80r13-79t\/","og_locale":"es_ES","og_type":"article","og_title":"WANLI SP026 155\/80R13 79T - Neumaticos VN","og_description":"Neum\u00e1ticos Wanli: seguridad, duraci\u00f3n y precio justo.","og_url":"https:\/\/parabrisasvn.com\/neumaticos\/producto\/wanli\/wanli-sp026-155-80r13-79t\/","og_site_name":"Neumaticos VN","article_modified_time":"2025-05-13T02:25:29+00:00","og_image":[{"width":1035,"height":1196,"url":"https:\/\/parabrisasvn.com\/neumaticos\/wp-content\/uploads\/WANLI-NEUMATICOS-AUTO.jpg","type":"image\/jpeg"}],"twitter_card":"summary_large_image","schema":{"@context":"https:\/\/schema.org","@graph":[{"@type":"WebPage","@id":"https:\/\/parabrisasvn.com\/neumaticos\/producto\/wanli\/wanli-sp026-155-80r13-79t\/","url":"https:\/\/parabrisasvn.com\/neumaticos\/producto\/wanli\/wanli-sp026-155-80r13-79t\/","name":"WANLI SP026 155\/80R13 79T - Neumaticos VN","isPartOf":{"@id":"https:\/\/parabrisasvn.com\/neumaticos\/#website"},"primaryImageOfPage":{"@id":"https:\/\/parabrisasvn.com\/neumaticos\/producto\/wanli\/wanli-sp026-155-80r13-79t\/#primaryimage"},"image":{"@id":"https:\/\/parabrisasvn.com\/neumaticos\/producto\/wanli\/wanli-sp026-155-80r13-79t\/#primaryimage"},"thumbnailUrl":"https:\/\/parabrisasvn.com\/neumaticos\/wp-content\/uploads\/WANLI-NEUMATICOS-AUTO.jpg","datePublished":"2025-05-13T02:25:28+00:00","dateModified":"2025-05-13T02:25:29+00:00","breadcrumb":{"@id":"https:\/\/parabrisasvn.com\/neumaticos\/producto\/wanli\/wanli-sp026-155-80r13-79t\/#breadcrumb"},"inLanguage":"es","potentialAction":[{"@type":"ReadAction","target":["https:\/\/parabrisasvn.com\/neumaticos\/producto\/wanli\/wanli-sp026-155-80r13-79t\/"]}]},{"@type":"ImageObject","inLanguage":"es","@id":"https:\/\/parabrisasvn.com\/neumaticos\/producto\/wanli\/wanli-sp026-155-80r13-79t\/#primaryimage","url":"https:\/\/parabrisasvn.com\/neumaticos\/wp-content\/uploads\/WANLI-NEUMATICOS-AUTO.jpg","contentUrl":"https:\/\/parabrisasvn.com\/neumaticos\/wp-content\/uploads\/WANLI-NEUMATICOS-AUTO.jpg","width":1035,"height":1196},{"@type":"BreadcrumbList","@id":"https:\/\/parabrisasvn.com\/neumaticos\/producto\/wanli\/wanli-sp026-155-80r13-79t\/#breadcrumb","itemListElement":[{"@type":"ListItem","position":1,"name":"Portada","item":"https:\/\/parabrisasvn.com\/neumaticos\/"},{"@type":"ListItem","position":2,"name":"Shop","item":"https:\/\/parabrisasvn.com\/neumaticos\/shop-2\/"},{"@type":"ListItem","position":3,"name":"WANLI SP026 155\/80R13 79T"}]},{"@type":"WebSite","@id":"https:\/\/parabrisasvn.com\/neumaticos\/#website","url":"https:\/\/parabrisasvn.com\/neumaticos\/","name":"Neumaticos VN","description":"Neum\u00e1ticos Multimarca al mejor precio","publisher":{"@id":"https:\/\/parabrisasvn.com\/neumaticos\/#organization"},"potentialAction":[{"@type":"SearchAction","target":{"@type":"EntryPoint","urlTemplate":"https:\/\/parabrisasvn.com\/neumaticos\/?s={search_term_string}"},"query-input":{"@type":"PropertyValueSpecification","valueRequired":true,"valueName":"search_term_string"}}],"inLanguage":"es"},{"@type":"Organization","@id":"https:\/\/parabrisasvn.com\/neumaticos\/#organization","name":"Neumaticos VN","url":"https:\/\/parabrisasvn.com\/neumaticos\/","logo":{"@type":"ImageObject","inLanguage":"es","@id":"https:\/\/parabrisasvn.com\/neumaticos\/#\/schema\/logo\/image\/","url":"https:\/\/parabrisasvn.com\/neumaticos\/wp-content\/uploads\/2024\/09\/vn-neumaticos.jpg","contentUrl":"https:\/\/parabrisasvn.com\/neumaticos\/wp-content\/uploads\/2024\/09\/vn-neumaticos.jpg","width":1000,"height":1000,"caption":"Neumaticos VN"},"image":{"@id":"https:\/\/parabrisasvn.com\/neumaticos\/#\/schema\/logo\/image\/"}}]}},"uagb_featured_image_src":{"full":["https:\/\/parabrisasvn.com\/neumaticos\/wp-content\/uploads\/WANLI-NEUMATICOS-AUTO.jpg",1035,1196,false],"thumbnail":["https:\/\/parabrisasvn.com\/neumaticos\/wp-content\/uploads\/WANLI-NEUMATICOS-AUTO-150x150.jpg",150,150,true],"medium":["https:\/\/parabrisasvn.com\/neumaticos\/wp-content\/uploads\/WANLI-NEUMATICOS-AUTO-260x300.jpg",260,300,true],"medium_large":["https:\/\/parabrisasvn.com\/neumaticos\/wp-content\/uploads\/WANLI-NEUMATICOS-AUTO-768x887.jpg",768,887,true],"large":["https:\/\/parabrisasvn.com\/neumaticos\/wp-content\/uploads\/WANLI-NEUMATICOS-AUTO-886x1024.jpg",886,1024,true],"1536x1536":["https:\/\/parabrisasvn.com\/neumaticos\/wp-content\/uploads\/WANLI-NEUMATICOS-AUTO.jpg",1035,1196,false],"2048x2048":["https:\/\/parabrisasvn.com\/neumaticos\/wp-content\/uploads\/WANLI-NEUMATICOS-AUTO.jpg",1035,1196,false],"woocommerce_thumbnail":["https:\/\/parabrisasvn.com\/neumaticos\/wp-content\/uploads\/WANLI-NEUMATICOS-AUTO-300x347.jpg",300,347,true],"woocommerce_single":["https:\/\/parabrisasvn.com\/neumaticos\/wp-content\/uploads\/WANLI-NEUMATICOS-AUTO-600x693.jpg",600,693,true],"woocommerce_gallery_thumbnail":["https:\/\/parabrisasvn.com\/neumaticos\/wp-content\/uploads\/WANLI-NEUMATICOS-AUTO-100x100.jpg",100,100,true]},"uagb_author_info":{"display_name":"santiago","author_link":"https:\/\/parabrisasvn.com\/neumaticos\/author\/"},"uagb_comment_info":0,"uagb_excerpt":"Neum\u00e1ticos Wanli: seguridad, duraci\u00f3n y precio justo.","_links":{"self":[{"href":"https:\/\/parabrisasvn.com\/neumaticos\/wp-json\/wp\/v2\/product\/2895","targetHints":{"allow":["GET"]}}],"collection":[{"href":"https:\/\/parabrisasvn.com\/neumaticos\/wp-json\/wp\/v2\/product"}],"about":[{"href":"https:\/\/parabrisasvn.com\/neumaticos\/wp-json\/wp\/v2\/types\/product"}],"replies":[{"embeddable":true,"href":"https:\/\/parabrisasvn.com\/neumaticos\/wp-json\/wp\/v2\/comments?post=2895"}],"wp:featuredmedia":[{"embeddable":true,"href":"https:\/\/parabrisasvn.com\/neumaticos\/wp-json\/wp\/v2\/media\/2893"}],"wp:attachment":[{"href":"https:\/\/parabrisasvn.com\/neumaticos\/wp-json\/wp\/v2\/media?parent=2895"}],"wp:term":[{"taxonomy":"product_brand","embeddable":true,"href":"https:\/\/parabrisasvn.com\/neumaticos\/wp-json\/wp\/v2\/product_brand?post=2895"},{"taxonomy":"product_cat","embeddable":true,"href":"https:\/\/parabrisasvn.com\/neumaticos\/wp-json\/wp\/v2\/product_cat?post=2895"},{"taxonomy":"product_tag","embeddable":true,"href":"https:\/\/parabrisasvn.com\/neumaticos\/wp-json\/wp\/v2\/product_tag?post=2895"}],"curies":[{"name":"wp","href":"https:\/\/api.w.org\/{rel}","templated":true}]}}