{"id":2958,"date":"2025-05-14T21:24:50","date_gmt":"2025-05-14T21:24:50","guid":{"rendered":"https:\/\/parabrisasvn.com\/neumaticos\/?post_type=product&#038;p=2958"},"modified":"2025-05-19T20:23:56","modified_gmt":"2025-05-19T20:23:56","slug":"175-65r14-82t-p1cintks","status":"publish","type":"product","link":"https:\/\/parabrisasvn.com\/neumaticos\/producto\/pirelli\/175-65r14-82t-p1cintks\/","title":{"rendered":"175\/65R14 82T P1cint(KS)"},"content":{"rendered":"<p>Los neum\u00e1ticos Pirelli est\u00e1n dise\u00f1ados para ofrecer m\u00e1xima seguridad y rendimiento, con tecnolog\u00eda avanzada en adherencia, confort y eficiencia. Ideales para quienes buscan una conducci\u00f3n precisa, tanto en ciudad como en rutas argentinas.<\/p>\n","protected":false},"excerpt":{"rendered":"<p>Rendimiento premium con tecnolog\u00eda italiana. Eleg\u00ed Pirelli.<\/p>\n","protected":false},"featured_media":2946,"comment_status":"open","ping_status":"closed","template":"","meta":{"_uag_custom_page_level_css":"","site-sidebar-layout":"default","site-content-layout":"","ast-site-content-layout":"default","site-content-style":"default","site-sidebar-style":"default","ast-global-header-display":"","ast-banner-title-visibility":"","ast-main-header-display":"","ast-hfb-above-header-display":"","ast-hfb-below-header-display":"","ast-hfb-mobile-header-display":"","site-post-title":"","ast-breadcrumbs-content":"","ast-featured-img":"","footer-sml-layout":"","theme-transparent-header-meta":"default","adv-header-id-meta":"","stick-header-meta":"","header-above-stick-meta":"","header-main-stick-meta":"","header-below-stick-meta":"","astra-migrate-meta-layouts":"set","ast-page-background-enabled":"default","ast-page-background-meta":{"desktop":{"background-color":"","background-image":"","background-repeat":"repeat","background-position":"center center","background-size":"auto","background-attachment":"scroll","background-type":"","background-media":"","overlay-type":"","overlay-color":"","overlay-opacity":"","overlay-gradient":""},"tablet":{"background-color":"","background-image":"","background-repeat":"repeat","background-position":"center center","background-size":"auto","background-attachment":"scroll","background-type":"","background-media":"","overlay-type":"","overlay-color":"","overlay-opacity":"","overlay-gradient":""},"mobile":{"background-color":"","background-image":"","background-repeat":"repeat","background-position":"center center","background-size":"auto","background-attachment":"scroll","background-type":"","background-media":"","overlay-type":"","overlay-color":"","overlay-opacity":"","overlay-gradient":""}},"ast-content-background-meta":{"desktop":{"background-color":"var(--ast-global-color-5)","background-image":"","background-repeat":"repeat","background-position":"center center","background-size":"auto","background-attachment":"scroll","background-type":"","background-media":"","overlay-type":"","overlay-color":"","overlay-opacity":"","overlay-gradient":""},"tablet":{"background-color":"var(--ast-global-color-5)","background-image":"","background-repeat":"repeat","background-position":"center center","background-size":"auto","background-attachment":"scroll","background-type":"","background-media":"","overlay-type":"","overlay-color":"","overlay-opacity":"","overlay-gradient":""},"mobile":{"background-color":"var(--ast-global-color-5)","background-image":"","background-repeat":"repeat","background-position":"center center","background-size":"auto","background-attachment":"scroll","background-type":"","background-media":"","overlay-type":"","overlay-color":"","overlay-opacity":"","overlay-gradient":""}},"_joinchat":[]},"product_brand":[],"product_cat":[79,56],"product_tag":[],"class_list":{"0":"post-2958","1":"product","2":"type-product","3":"status-publish","4":"has-post-thumbnail","6":"product_cat-auto","7":"product_cat-pirelli","8":"desktop-align-left","9":"tablet-align-left","10":"mobile-align-left","12":"first","13":"outofstock","14":"shipping-taxable","15":"purchasable","16":"product-type-simple"},"yoast_head":"<!-- This site is optimized with the Yoast SEO plugin v25.2 - https:\/\/yoast.com\/wordpress\/plugins\/seo\/ -->\n<title>175\/65R14 82T P1cint(KS) - Neumaticos VN<\/title>\n<meta name=\"robots\" content=\"index, follow, max-snippet:-1, max-image-preview:large, max-video-preview:-1\" \/>\n<link rel=\"canonical\" href=\"https:\/\/parabrisasvn.com\/neumaticos\/producto\/pirelli\/175-65r14-82t-p1cintks\/\" \/>\n<meta property=\"og:locale\" content=\"es_ES\" \/>\n<meta property=\"og:type\" content=\"article\" \/>\n<meta property=\"og:title\" content=\"175\/65R14 82T P1cint(KS) - Neumaticos VN\" \/>\n<meta property=\"og:description\" content=\"Rendimiento premium con tecnolog\u00eda italiana. Eleg\u00ed Pirelli.\" \/>\n<meta property=\"og:url\" content=\"https:\/\/parabrisasvn.com\/neumaticos\/producto\/pirelli\/175-65r14-82t-p1cintks\/\" \/>\n<meta property=\"og:site_name\" content=\"Neumaticos VN\" \/>\n<meta property=\"article:modified_time\" content=\"2025-05-19T20:23:56+00:00\" \/>\n<meta property=\"og:image\" content=\"https:\/\/parabrisasvn.com\/neumaticos\/wp-content\/uploads\/PIRELLI-CINTURATO-P1.jpg\" \/>\n\t<meta property=\"og:image:width\" content=\"2000\" \/>\n\t<meta property=\"og:image:height\" content=\"2000\" \/>\n\t<meta property=\"og:image:type\" content=\"image\/jpeg\" \/>\n<meta name=\"twitter:card\" content=\"summary_large_image\" \/>\n<script type=\"application\/ld+json\" class=\"yoast-schema-graph\">{\"@context\":\"https:\/\/schema.org\",\"@graph\":[{\"@type\":\"WebPage\",\"@id\":\"https:\/\/parabrisasvn.com\/neumaticos\/producto\/pirelli\/175-65r14-82t-p1cintks\/\",\"url\":\"https:\/\/parabrisasvn.com\/neumaticos\/producto\/pirelli\/175-65r14-82t-p1cintks\/\",\"name\":\"175\/65R14 82T P1cint(KS) - Neumaticos VN\",\"isPartOf\":{\"@id\":\"https:\/\/parabrisasvn.com\/neumaticos\/#website\"},\"primaryImageOfPage\":{\"@id\":\"https:\/\/parabrisasvn.com\/neumaticos\/producto\/pirelli\/175-65r14-82t-p1cintks\/#primaryimage\"},\"image\":{\"@id\":\"https:\/\/parabrisasvn.com\/neumaticos\/producto\/pirelli\/175-65r14-82t-p1cintks\/#primaryimage\"},\"thumbnailUrl\":\"https:\/\/parabrisasvn.com\/neumaticos\/wp-content\/uploads\/PIRELLI-CINTURATO-P1.jpg\",\"datePublished\":\"2025-05-14T21:24:50+00:00\",\"dateModified\":\"2025-05-19T20:23:56+00:00\",\"breadcrumb\":{\"@id\":\"https:\/\/parabrisasvn.com\/neumaticos\/producto\/pirelli\/175-65r14-82t-p1cintks\/#breadcrumb\"},\"inLanguage\":\"es\",\"potentialAction\":[{\"@type\":\"ReadAction\",\"target\":[\"https:\/\/parabrisasvn.com\/neumaticos\/producto\/pirelli\/175-65r14-82t-p1cintks\/\"]}]},{\"@type\":\"ImageObject\",\"inLanguage\":\"es\",\"@id\":\"https:\/\/parabrisasvn.com\/neumaticos\/producto\/pirelli\/175-65r14-82t-p1cintks\/#primaryimage\",\"url\":\"https:\/\/parabrisasvn.com\/neumaticos\/wp-content\/uploads\/PIRELLI-CINTURATO-P1.jpg\",\"contentUrl\":\"https:\/\/parabrisasvn.com\/neumaticos\/wp-content\/uploads\/PIRELLI-CINTURATO-P1.jpg\",\"width\":2000,\"height\":2000},{\"@type\":\"BreadcrumbList\",\"@id\":\"https:\/\/parabrisasvn.com\/neumaticos\/producto\/pirelli\/175-65r14-82t-p1cintks\/#breadcrumb\",\"itemListElement\":[{\"@type\":\"ListItem\",\"position\":1,\"name\":\"Portada\",\"item\":\"https:\/\/parabrisasvn.com\/neumaticos\/\"},{\"@type\":\"ListItem\",\"position\":2,\"name\":\"Shop\",\"item\":\"https:\/\/parabrisasvn.com\/neumaticos\/shop-2\/\"},{\"@type\":\"ListItem\",\"position\":3,\"name\":\"175\/65R14 82T P1cint(KS)\"}]},{\"@type\":\"WebSite\",\"@id\":\"https:\/\/parabrisasvn.com\/neumaticos\/#website\",\"url\":\"https:\/\/parabrisasvn.com\/neumaticos\/\",\"name\":\"Neumaticos VN\",\"description\":\"Neum\u00e1ticos Multimarca al mejor precio\",\"publisher\":{\"@id\":\"https:\/\/parabrisasvn.com\/neumaticos\/#organization\"},\"potentialAction\":[{\"@type\":\"SearchAction\",\"target\":{\"@type\":\"EntryPoint\",\"urlTemplate\":\"https:\/\/parabrisasvn.com\/neumaticos\/?s={search_term_string}\"},\"query-input\":{\"@type\":\"PropertyValueSpecification\",\"valueRequired\":true,\"valueName\":\"search_term_string\"}}],\"inLanguage\":\"es\"},{\"@type\":\"Organization\",\"@id\":\"https:\/\/parabrisasvn.com\/neumaticos\/#organization\",\"name\":\"Neumaticos VN\",\"url\":\"https:\/\/parabrisasvn.com\/neumaticos\/\",\"logo\":{\"@type\":\"ImageObject\",\"inLanguage\":\"es\",\"@id\":\"https:\/\/parabrisasvn.com\/neumaticos\/#\/schema\/logo\/image\/\",\"url\":\"https:\/\/parabrisasvn.com\/neumaticos\/wp-content\/uploads\/2024\/09\/vn-neumaticos.jpg\",\"contentUrl\":\"https:\/\/parabrisasvn.com\/neumaticos\/wp-content\/uploads\/2024\/09\/vn-neumaticos.jpg\",\"width\":1000,\"height\":1000,\"caption\":\"Neumaticos VN\"},\"image\":{\"@id\":\"https:\/\/parabrisasvn.com\/neumaticos\/#\/schema\/logo\/image\/\"}}]}<\/script>\n<!-- \/ Yoast SEO plugin. -->","yoast_head_json":{"title":"175\/65R14 82T P1cint(KS) - Neumaticos VN","robots":{"index":"index","follow":"follow","max-snippet":"max-snippet:-1","max-image-preview":"max-image-preview:large","max-video-preview":"max-video-preview:-1"},"canonical":"https:\/\/parabrisasvn.com\/neumaticos\/producto\/pirelli\/175-65r14-82t-p1cintks\/","og_locale":"es_ES","og_type":"article","og_title":"175\/65R14 82T P1cint(KS) - Neumaticos VN","og_description":"Rendimiento premium con tecnolog\u00eda italiana. Eleg\u00ed Pirelli.","og_url":"https:\/\/parabrisasvn.com\/neumaticos\/producto\/pirelli\/175-65r14-82t-p1cintks\/","og_site_name":"Neumaticos VN","article_modified_time":"2025-05-19T20:23:56+00:00","og_image":[{"width":2000,"height":2000,"url":"https:\/\/parabrisasvn.com\/neumaticos\/wp-content\/uploads\/PIRELLI-CINTURATO-P1.jpg","type":"image\/jpeg"}],"twitter_card":"summary_large_image","schema":{"@context":"https:\/\/schema.org","@graph":[{"@type":"WebPage","@id":"https:\/\/parabrisasvn.com\/neumaticos\/producto\/pirelli\/175-65r14-82t-p1cintks\/","url":"https:\/\/parabrisasvn.com\/neumaticos\/producto\/pirelli\/175-65r14-82t-p1cintks\/","name":"175\/65R14 82T P1cint(KS) - Neumaticos VN","isPartOf":{"@id":"https:\/\/parabrisasvn.com\/neumaticos\/#website"},"primaryImageOfPage":{"@id":"https:\/\/parabrisasvn.com\/neumaticos\/producto\/pirelli\/175-65r14-82t-p1cintks\/#primaryimage"},"image":{"@id":"https:\/\/parabrisasvn.com\/neumaticos\/producto\/pirelli\/175-65r14-82t-p1cintks\/#primaryimage"},"thumbnailUrl":"https:\/\/parabrisasvn.com\/neumaticos\/wp-content\/uploads\/PIRELLI-CINTURATO-P1.jpg","datePublished":"2025-05-14T21:24:50+00:00","dateModified":"2025-05-19T20:23:56+00:00","breadcrumb":{"@id":"https:\/\/parabrisasvn.com\/neumaticos\/producto\/pirelli\/175-65r14-82t-p1cintks\/#breadcrumb"},"inLanguage":"es","potentialAction":[{"@type":"ReadAction","target":["https:\/\/parabrisasvn.com\/neumaticos\/producto\/pirelli\/175-65r14-82t-p1cintks\/"]}]},{"@type":"ImageObject","inLanguage":"es","@id":"https:\/\/parabrisasvn.com\/neumaticos\/producto\/pirelli\/175-65r14-82t-p1cintks\/#primaryimage","url":"https:\/\/parabrisasvn.com\/neumaticos\/wp-content\/uploads\/PIRELLI-CINTURATO-P1.jpg","contentUrl":"https:\/\/parabrisasvn.com\/neumaticos\/wp-content\/uploads\/PIRELLI-CINTURATO-P1.jpg","width":2000,"height":2000},{"@type":"BreadcrumbList","@id":"https:\/\/parabrisasvn.com\/neumaticos\/producto\/pirelli\/175-65r14-82t-p1cintks\/#breadcrumb","itemListElement":[{"@type":"ListItem","position":1,"name":"Portada","item":"https:\/\/parabrisasvn.com\/neumaticos\/"},{"@type":"ListItem","position":2,"name":"Shop","item":"https:\/\/parabrisasvn.com\/neumaticos\/shop-2\/"},{"@type":"ListItem","position":3,"name":"175\/65R14 82T P1cint(KS)"}]},{"@type":"WebSite","@id":"https:\/\/parabrisasvn.com\/neumaticos\/#website","url":"https:\/\/parabrisasvn.com\/neumaticos\/","name":"Neumaticos VN","description":"Neum\u00e1ticos Multimarca al mejor precio","publisher":{"@id":"https:\/\/parabrisasvn.com\/neumaticos\/#organization"},"potentialAction":[{"@type":"SearchAction","target":{"@type":"EntryPoint","urlTemplate":"https:\/\/parabrisasvn.com\/neumaticos\/?s={search_term_string}"},"query-input":{"@type":"PropertyValueSpecification","valueRequired":true,"valueName":"search_term_string"}}],"inLanguage":"es"},{"@type":"Organization","@id":"https:\/\/parabrisasvn.com\/neumaticos\/#organization","name":"Neumaticos VN","url":"https:\/\/parabrisasvn.com\/neumaticos\/","logo":{"@type":"ImageObject","inLanguage":"es","@id":"https:\/\/parabrisasvn.com\/neumaticos\/#\/schema\/logo\/image\/","url":"https:\/\/parabrisasvn.com\/neumaticos\/wp-content\/uploads\/2024\/09\/vn-neumaticos.jpg","contentUrl":"https:\/\/parabrisasvn.com\/neumaticos\/wp-content\/uploads\/2024\/09\/vn-neumaticos.jpg","width":1000,"height":1000,"caption":"Neumaticos VN"},"image":{"@id":"https:\/\/parabrisasvn.com\/neumaticos\/#\/schema\/logo\/image\/"}}]}},"uagb_featured_image_src":{"full":["https:\/\/parabrisasvn.com\/neumaticos\/wp-content\/uploads\/PIRELLI-CINTURATO-P1.jpg",2000,2000,false],"thumbnail":["https:\/\/parabrisasvn.com\/neumaticos\/wp-content\/uploads\/PIRELLI-CINTURATO-P1-150x150.jpg",150,150,true],"medium":["https:\/\/parabrisasvn.com\/neumaticos\/wp-content\/uploads\/PIRELLI-CINTURATO-P1-300x300.jpg",300,300,true],"medium_large":["https:\/\/parabrisasvn.com\/neumaticos\/wp-content\/uploads\/PIRELLI-CINTURATO-P1-768x768.jpg",768,768,true],"large":["https:\/\/parabrisasvn.com\/neumaticos\/wp-content\/uploads\/PIRELLI-CINTURATO-P1-1024x1024.jpg",1024,1024,true],"1536x1536":["https:\/\/parabrisasvn.com\/neumaticos\/wp-content\/uploads\/PIRELLI-CINTURATO-P1-1536x1536.jpg",1536,1536,true],"2048x2048":["https:\/\/parabrisasvn.com\/neumaticos\/wp-content\/uploads\/PIRELLI-CINTURATO-P1.jpg",2000,2000,false],"woocommerce_thumbnail":["https:\/\/parabrisasvn.com\/neumaticos\/wp-content\/uploads\/PIRELLI-CINTURATO-P1-300x300.jpg",300,300,true],"woocommerce_single":["https:\/\/parabrisasvn.com\/neumaticos\/wp-content\/uploads\/PIRELLI-CINTURATO-P1-600x600.jpg",600,600,true],"woocommerce_gallery_thumbnail":["https:\/\/parabrisasvn.com\/neumaticos\/wp-content\/uploads\/PIRELLI-CINTURATO-P1-100x100.jpg",100,100,true]},"uagb_author_info":{"display_name":"santiago","author_link":"https:\/\/parabrisasvn.com\/neumaticos\/author\/"},"uagb_comment_info":0,"uagb_excerpt":"Rendimiento premium con tecnolog\u00eda italiana. Eleg\u00ed Pirelli.","_links":{"self":[{"href":"https:\/\/parabrisasvn.com\/neumaticos\/wp-json\/wp\/v2\/product\/2958","targetHints":{"allow":["GET"]}}],"collection":[{"href":"https:\/\/parabrisasvn.com\/neumaticos\/wp-json\/wp\/v2\/product"}],"about":[{"href":"https:\/\/parabrisasvn.com\/neumaticos\/wp-json\/wp\/v2\/types\/product"}],"replies":[{"embeddable":true,"href":"https:\/\/parabrisasvn.com\/neumaticos\/wp-json\/wp\/v2\/comments?post=2958"}],"wp:featuredmedia":[{"embeddable":true,"href":"https:\/\/parabrisasvn.com\/neumaticos\/wp-json\/wp\/v2\/media\/2946"}],"wp:attachment":[{"href":"https:\/\/parabrisasvn.com\/neumaticos\/wp-json\/wp\/v2\/media?parent=2958"}],"wp:term":[{"taxonomy":"product_brand","embeddable":true,"href":"https:\/\/parabrisasvn.com\/neumaticos\/wp-json\/wp\/v2\/product_brand?post=2958"},{"taxonomy":"product_cat","embeddable":true,"href":"https:\/\/parabrisasvn.com\/neumaticos\/wp-json\/wp\/v2\/product_cat?post=2958"},{"taxonomy":"product_tag","embeddable":true,"href":"https:\/\/parabrisasvn.com\/neumaticos\/wp-json\/wp\/v2\/product_tag?post=2958"}],"curies":[{"name":"wp","href":"https:\/\/api.w.org\/{rel}","templated":true}]}}